{"id":5894,"date":"2025-01-23T12:39:52","date_gmt":"2025-01-23T10:39:52","guid":{"rendered":"https:\/\/www.superhigroup.com\/shop\/?post_type=product&#038;p=5894"},"modified":"2026-04-09T13:22:51","modified_gmt":"2026-04-09T11:22:51","slug":"maxi-ossicini-sardina-propoli","status":"publish","type":"product","link":"https:\/\/www.superhigroup.com\/shop\/prodotto\/maxi-ossicini-sardina-propoli\/","title":{"rendered":"Maxi ossicini Sardina e Propoli"},"content":{"rendered":"<h4>Composizione<\/h4>\n<p>Polpa di cocco essiccata, sardine essiccate (20%), trippa essiccata, fiocchi di patate, amido di patate, tapioca, olio di cocco, aceto di mele, rosmarino, propoli (1%), polline (0,6%).<\/p>\n<h4>Analisi Nutrizionale<\/h4>\n<p>Proteine grezze 30,1%<br \/>\nGrassi grezzi\u00a0 \u00a0 \u00a010,2%<br \/>\nCeneri grezze\u00a0 \u00a0 \u00a0 5,1%<br \/>\nFibre grezze\u00a0 \u00a0 \u00a0 \u00a0 3,4%<\/p>\n","protected":false},"excerpt":{"rendered":"<p>I maxi ossicini SHG Sardina e Propoli rappresentano un alimento sano, completamente naturale ed allo stesso tempo goloso per il benessere dei cani di tutte le et\u00e0. Privi di glutine, sono stati studiati per garantire un prodotto genuino e cotti a temperature controllate per salvaguardare tutte le propriet\u00e0 organolettiche dei nutrienti in esso contenuti. Le sardine sono ricche di acidi grassi \u2126 3 (EPA e DHA). La propoli \u00e8 una sostanza resinosa prodotta dalle api ed \u00e8 ricca di flavonoidi.<\/p>\n<h4>Modalit\u00e0 d&#8217;uso<\/h4>\n<p>I Premietti funzionali SHG sono un ottimo mangime complementare, da intendersi come Snack e non devono sostituire la dieta giornaliera.<br \/>\nSi consigliano, quotidianamente, due ossicini ogni 10 kg di peso del cane.<br \/>\nI maxi ossicini vengono confezionati in vacuum packed per preservarne la freschezza e la fragranza. La confezione contiene 180 grammi di prodotto. Conservare in un luogo fresco e asciutto.<\/p>\n","protected":false},"featured_media":5960,"template":"","meta":{"_acf_changed":false},"product_brand":[],"product_cat":[401,406,403],"product_tag":[],"class_list":{"0":"post-5894","1":"product","2":"type-product","3":"status-publish","4":"has-post-thumbnail","6":"product_cat-cani","7":"product_cat-maxi-ossicini","8":"product_cat-premietti-funzionali","9":"pa_peso-275","11":"first","12":"instock","13":"purchasable","14":"product-type-simple"},"acf":[],"yoast_head":"<!-- This site is optimized with the Yoast SEO plugin v27.4 - https:\/\/yoast.com\/product\/yoast-seo-wordpress\/ -->\n<title>Maxi ossicini Sardina e Propoli - SHG shop<\/title>\n<meta name=\"robots\" content=\"index, follow, max-snippet:-1, max-image-preview:large, max-video-preview:-1\" \/>\n<link rel=\"canonical\" href=\"https:\/\/www.superhigroup.com\/shop\/prodotto\/maxi-ossicini-sardina-propoli\/\" \/>\n<meta property=\"og:locale\" content=\"it_IT\" \/>\n<meta property=\"og:type\" content=\"article\" \/>\n<meta property=\"og:title\" content=\"Maxi ossicini Sardina e Propoli - SHG shop\" \/>\n<meta property=\"og:description\" content=\"I maxi ossicini SHG Sardina e Propoli rappresentano un alimento sano, completamente naturale ed allo stesso tempo goloso per il benessere dei cani di tutte le et\u00e0. Privi di glutine, sono stati studiati per garantire un prodotto genuino e cotti a temperature controllate per salvaguardare tutte le propriet\u00e0 organolettiche dei nutrienti in esso contenuti. Le sardine sono ricche di acidi grassi \u2126 3 (EPA e DHA). La propoli \u00e8 una sostanza resinosa prodotta dalle api ed \u00e8 ricca di flavonoidi. Modalit\u00e0 d&#039;uso I Premietti funzionali SHG sono un ottimo mangime complementare, da intendersi come Snack e non devono sostituire la dieta giornaliera. Si consigliano, quotidianamente, due ossicini ogni 10 kg di peso del cane. I maxi ossicini vengono confezionati in vacuum packed per preservarne la freschezza e la fragranza. La confezione contiene 180 grammi di prodotto. Conservare in un luogo fresco e asciutto.\" \/>\n<meta property=\"og:url\" content=\"https:\/\/www.superhigroup.com\/shop\/prodotto\/maxi-ossicini-sardina-propoli\/\" \/>\n<meta property=\"og:site_name\" content=\"SHG shop\" \/>\n<meta property=\"article:modified_time\" content=\"2026-04-09T11:22:51+00:00\" \/>\n<meta property=\"og:image\" content=\"https:\/\/www.superhigroup.com\/shop\/wp-content\/uploads\/2025\/01\/maxi-sardine-propoli.png\" \/>\n\t<meta property=\"og:image:width\" content=\"623\" \/>\n\t<meta property=\"og:image:height\" content=\"800\" \/>\n\t<meta property=\"og:image:type\" content=\"image\/png\" \/>\n<meta name=\"twitter:card\" content=\"summary_large_image\" \/>\n<meta name=\"twitter:label1\" content=\"Tempo di lettura stimato\" \/>\n\t<meta name=\"twitter:data1\" content=\"1 minuto\" \/>\n<script type=\"application\/ld+json\" class=\"yoast-schema-graph\">{\"@context\":\"https:\\\/\\\/schema.org\",\"@graph\":[{\"@type\":\"WebPage\",\"@id\":\"https:\\\/\\\/www.superhigroup.com\\\/shop\\\/prodotto\\\/maxi-ossicini-sardina-propoli\\\/\",\"url\":\"https:\\\/\\\/www.superhigroup.com\\\/shop\\\/prodotto\\\/maxi-ossicini-sardina-propoli\\\/\",\"name\":\"Maxi ossicini Sardina e Propoli - SHG shop\",\"isPartOf\":{\"@id\":\"https:\\\/\\\/www.superhigroup.com\\\/shop\\\/#website\"},\"primaryImageOfPage\":{\"@id\":\"https:\\\/\\\/www.superhigroup.com\\\/shop\\\/prodotto\\\/maxi-ossicini-sardina-propoli\\\/#primaryimage\"},\"image\":{\"@id\":\"https:\\\/\\\/www.superhigroup.com\\\/shop\\\/prodotto\\\/maxi-ossicini-sardina-propoli\\\/#primaryimage\"},\"thumbnailUrl\":\"https:\\\/\\\/www.superhigroup.com\\\/shop\\\/wp-content\\\/uploads\\\/2025\\\/01\\\/maxi-sardine-propoli.png\",\"datePublished\":\"2025-01-23T10:39:52+00:00\",\"dateModified\":\"2026-04-09T11:22:51+00:00\",\"breadcrumb\":{\"@id\":\"https:\\\/\\\/www.superhigroup.com\\\/shop\\\/prodotto\\\/maxi-ossicini-sardina-propoli\\\/#breadcrumb\"},\"inLanguage\":\"it-IT\",\"potentialAction\":[{\"@type\":\"ReadAction\",\"target\":[\"https:\\\/\\\/www.superhigroup.com\\\/shop\\\/prodotto\\\/maxi-ossicini-sardina-propoli\\\/\"]}]},{\"@type\":\"ImageObject\",\"inLanguage\":\"it-IT\",\"@id\":\"https:\\\/\\\/www.superhigroup.com\\\/shop\\\/prodotto\\\/maxi-ossicini-sardina-propoli\\\/#primaryimage\",\"url\":\"https:\\\/\\\/www.superhigroup.com\\\/shop\\\/wp-content\\\/uploads\\\/2025\\\/01\\\/maxi-sardine-propoli.png\",\"contentUrl\":\"https:\\\/\\\/www.superhigroup.com\\\/shop\\\/wp-content\\\/uploads\\\/2025\\\/01\\\/maxi-sardine-propoli.png\",\"width\":623,\"height\":800},{\"@type\":\"BreadcrumbList\",\"@id\":\"https:\\\/\\\/www.superhigroup.com\\\/shop\\\/prodotto\\\/maxi-ossicini-sardina-propoli\\\/#breadcrumb\",\"itemListElement\":[{\"@type\":\"ListItem\",\"position\":1,\"name\":\"Home\",\"item\":\"https:\\\/\\\/www.superhigroup.com\\\/shop\\\/\"},{\"@type\":\"ListItem\",\"position\":2,\"name\":\"Shop\",\"item\":\"https:\\\/\\\/www.superhigroup.com\\\/shop\\\/negozio\\\/\"},{\"@type\":\"ListItem\",\"position\":3,\"name\":\"Maxi ossicini Sardina e Propoli\"}]},{\"@type\":\"WebSite\",\"@id\":\"https:\\\/\\\/www.superhigroup.com\\\/shop\\\/#website\",\"url\":\"https:\\\/\\\/www.superhigroup.com\\\/shop\\\/\",\"name\":\"SHG shop\",\"description\":\"SHG shop\",\"publisher\":{\"@id\":\"https:\\\/\\\/www.superhigroup.com\\\/shop\\\/#organization\"},\"potentialAction\":[{\"@type\":\"SearchAction\",\"target\":{\"@type\":\"EntryPoint\",\"urlTemplate\":\"https:\\\/\\\/www.superhigroup.com\\\/shop\\\/?s={search_term_string}\"},\"query-input\":{\"@type\":\"PropertyValueSpecification\",\"valueRequired\":true,\"valueName\":\"search_term_string\"}}],\"inLanguage\":\"it-IT\"},{\"@type\":\"Organization\",\"@id\":\"https:\\\/\\\/www.superhigroup.com\\\/shop\\\/#organization\",\"name\":\"SHG s.r.l.\",\"url\":\"https:\\\/\\\/www.superhigroup.com\\\/shop\\\/\",\"logo\":{\"@type\":\"ImageObject\",\"inLanguage\":\"it-IT\",\"@id\":\"https:\\\/\\\/www.superhigroup.com\\\/shop\\\/#\\\/schema\\\/logo\\\/image\\\/\",\"url\":\"https:\\\/\\\/www.superhigroup.com\\\/shop\\\/wp-content\\\/uploads\\\/2023\\\/05\\\/logo.png\",\"contentUrl\":\"https:\\\/\\\/www.superhigroup.com\\\/shop\\\/wp-content\\\/uploads\\\/2023\\\/05\\\/logo.png\",\"width\":317,\"height\":79,\"caption\":\"SHG s.r.l.\"},\"image\":{\"@id\":\"https:\\\/\\\/www.superhigroup.com\\\/shop\\\/#\\\/schema\\\/logo\\\/image\\\/\"}}]}<\/script>\n<!-- \/ Yoast SEO plugin. -->","yoast_head_json":{"title":"Maxi ossicini Sardina e Propoli - SHG shop","robots":{"index":"index","follow":"follow","max-snippet":"max-snippet:-1","max-image-preview":"max-image-preview:large","max-video-preview":"max-video-preview:-1"},"canonical":"https:\/\/www.superhigroup.com\/shop\/prodotto\/maxi-ossicini-sardina-propoli\/","og_locale":"it_IT","og_type":"article","og_title":"Maxi ossicini Sardina e Propoli - SHG shop","og_description":"I maxi ossicini SHG Sardina e Propoli rappresentano un alimento sano, completamente naturale ed allo stesso tempo goloso per il benessere dei cani di tutte le et\u00e0. Privi di glutine, sono stati studiati per garantire un prodotto genuino e cotti a temperature controllate per salvaguardare tutte le propriet\u00e0 organolettiche dei nutrienti in esso contenuti. Le sardine sono ricche di acidi grassi \u2126 3 (EPA e DHA). La propoli \u00e8 una sostanza resinosa prodotta dalle api ed \u00e8 ricca di flavonoidi. Modalit\u00e0 d'uso I Premietti funzionali SHG sono un ottimo mangime complementare, da intendersi come Snack e non devono sostituire la dieta giornaliera. Si consigliano, quotidianamente, due ossicini ogni 10 kg di peso del cane. I maxi ossicini vengono confezionati in vacuum packed per preservarne la freschezza e la fragranza. La confezione contiene 180 grammi di prodotto. Conservare in un luogo fresco e asciutto.","og_url":"https:\/\/www.superhigroup.com\/shop\/prodotto\/maxi-ossicini-sardina-propoli\/","og_site_name":"SHG shop","article_modified_time":"2026-04-09T11:22:51+00:00","og_image":[{"width":623,"height":800,"url":"https:\/\/www.superhigroup.com\/shop\/wp-content\/uploads\/2025\/01\/maxi-sardine-propoli.png","type":"image\/png"}],"twitter_card":"summary_large_image","twitter_misc":{"Tempo di lettura stimato":"1 minuto"},"schema":{"@context":"https:\/\/schema.org","@graph":[{"@type":"WebPage","@id":"https:\/\/www.superhigroup.com\/shop\/prodotto\/maxi-ossicini-sardina-propoli\/","url":"https:\/\/www.superhigroup.com\/shop\/prodotto\/maxi-ossicini-sardina-propoli\/","name":"Maxi ossicini Sardina e Propoli - SHG shop","isPartOf":{"@id":"https:\/\/www.superhigroup.com\/shop\/#website"},"primaryImageOfPage":{"@id":"https:\/\/www.superhigroup.com\/shop\/prodotto\/maxi-ossicini-sardina-propoli\/#primaryimage"},"image":{"@id":"https:\/\/www.superhigroup.com\/shop\/prodotto\/maxi-ossicini-sardina-propoli\/#primaryimage"},"thumbnailUrl":"https:\/\/www.superhigroup.com\/shop\/wp-content\/uploads\/2025\/01\/maxi-sardine-propoli.png","datePublished":"2025-01-23T10:39:52+00:00","dateModified":"2026-04-09T11:22:51+00:00","breadcrumb":{"@id":"https:\/\/www.superhigroup.com\/shop\/prodotto\/maxi-ossicini-sardina-propoli\/#breadcrumb"},"inLanguage":"it-IT","potentialAction":[{"@type":"ReadAction","target":["https:\/\/www.superhigroup.com\/shop\/prodotto\/maxi-ossicini-sardina-propoli\/"]}]},{"@type":"ImageObject","inLanguage":"it-IT","@id":"https:\/\/www.superhigroup.com\/shop\/prodotto\/maxi-ossicini-sardina-propoli\/#primaryimage","url":"https:\/\/www.superhigroup.com\/shop\/wp-content\/uploads\/2025\/01\/maxi-sardine-propoli.png","contentUrl":"https:\/\/www.superhigroup.com\/shop\/wp-content\/uploads\/2025\/01\/maxi-sardine-propoli.png","width":623,"height":800},{"@type":"BreadcrumbList","@id":"https:\/\/www.superhigroup.com\/shop\/prodotto\/maxi-ossicini-sardina-propoli\/#breadcrumb","itemListElement":[{"@type":"ListItem","position":1,"name":"Home","item":"https:\/\/www.superhigroup.com\/shop\/"},{"@type":"ListItem","position":2,"name":"Shop","item":"https:\/\/www.superhigroup.com\/shop\/negozio\/"},{"@type":"ListItem","position":3,"name":"Maxi ossicini Sardina e Propoli"}]},{"@type":"WebSite","@id":"https:\/\/www.superhigroup.com\/shop\/#website","url":"https:\/\/www.superhigroup.com\/shop\/","name":"SHG shop","description":"SHG shop","publisher":{"@id":"https:\/\/www.superhigroup.com\/shop\/#organization"},"potentialAction":[{"@type":"SearchAction","target":{"@type":"EntryPoint","urlTemplate":"https:\/\/www.superhigroup.com\/shop\/?s={search_term_string}"},"query-input":{"@type":"PropertyValueSpecification","valueRequired":true,"valueName":"search_term_string"}}],"inLanguage":"it-IT"},{"@type":"Organization","@id":"https:\/\/www.superhigroup.com\/shop\/#organization","name":"SHG s.r.l.","url":"https:\/\/www.superhigroup.com\/shop\/","logo":{"@type":"ImageObject","inLanguage":"it-IT","@id":"https:\/\/www.superhigroup.com\/shop\/#\/schema\/logo\/image\/","url":"https:\/\/www.superhigroup.com\/shop\/wp-content\/uploads\/2023\/05\/logo.png","contentUrl":"https:\/\/www.superhigroup.com\/shop\/wp-content\/uploads\/2023\/05\/logo.png","width":317,"height":79,"caption":"SHG s.r.l."},"image":{"@id":"https:\/\/www.superhigroup.com\/shop\/#\/schema\/logo\/image\/"}}]}},"_links":{"self":[{"href":"https:\/\/www.superhigroup.com\/shop\/wp-json\/wp\/v2\/product\/5894","targetHints":{"allow":["GET"]}}],"collection":[{"href":"https:\/\/www.superhigroup.com\/shop\/wp-json\/wp\/v2\/product"}],"about":[{"href":"https:\/\/www.superhigroup.com\/shop\/wp-json\/wp\/v2\/types\/product"}],"wp:featuredmedia":[{"embeddable":true,"href":"https:\/\/www.superhigroup.com\/shop\/wp-json\/wp\/v2\/media\/5960"}],"wp:attachment":[{"href":"https:\/\/www.superhigroup.com\/shop\/wp-json\/wp\/v2\/media?parent=5894"}],"wp:term":[{"taxonomy":"product_brand","embeddable":true,"href":"https:\/\/www.superhigroup.com\/shop\/wp-json\/wp\/v2\/product_brand?post=5894"},{"taxonomy":"product_cat","embeddable":true,"href":"https:\/\/www.superhigroup.com\/shop\/wp-json\/wp\/v2\/product_cat?post=5894"},{"taxonomy":"product_tag","embeddable":true,"href":"https:\/\/www.superhigroup.com\/shop\/wp-json\/wp\/v2\/product_tag?post=5894"}],"curies":[{"name":"wp","href":"https:\/\/api.w.org\/{rel}","templated":true}]}}