{"id":5354,"date":"2024-10-28T15:34:57","date_gmt":"2024-10-28T13:34:57","guid":{"rendered":"https:\/\/www.superhigroup.com\/shop\/?post_type=product&#038;p=5354"},"modified":"2026-05-07T08:41:13","modified_gmt":"2026-05-07T06:41:13","slug":"barrette-sardine-olio-krill","status":"publish","type":"product","link":"https:\/\/www.superhigroup.com\/shop\/prodotto\/barrette-sardine-olio-krill\/","title":{"rendered":"Barrette Sardine e Olio di Krill"},"content":{"rendered":"<h4>Composizione<\/h4>\n<p><span style=\"font-weight: 400;\">Polpa di cocco essiccata, sardine essiccate (20%), sottoprodotti di origine vegetale, fiocchi di patate, fecola di patate, tapioca, finocchio selvatico, olio di Krill antartico (3%), aceto di mele, rosmarino, prodotti del lievito (Saccharomyces cerevisiae).<\/span><\/p>\n<h4>Analisi Nutrizionale<\/h4>\n<p>Proteine grezze 21,0%<br \/>\nGrassi grezzi\u00a0 \u00a0 \u00a0 \u00a09,4%<br \/>\nCeneri grezze\u00a0 \u00a0 \u00a0 4,4%<br \/>\nFibre grezze\u00a0 \u00a0 \u00a0 \u00a0 3,0%<\/p>\n","protected":false},"excerpt":{"rendered":"<p>Le Barrette SHG Sardine e Olio di Krill rappresentano un alimento sano, completamente naturale ed allo stesso tempo goloso per i cani di tutte le et\u00e0. Prive di glutine e con un fondamentale contenuto di olio di Krill, sono state studiate per garantire un prodotto genuino e vengono cotte a temperature controllate per salvaguardare tutte le propriet\u00e0 organolettiche <span style=\"font-weight: 400;\">dei nutrienti.<\/span><br \/>\nLa sardina \u00e8 un alimento altamente nutriente per i cani ed \u00e8 una fonte naturale di aminoacidi essenziali. L&#8217;olio di krill puro \u00e8 ottenuto utilizzando un crostaceo che compone lo zooplancton delle acque antartiche e costituisce un&#8217;integrazione di \u03a9 3. Contiene antiossidanti naturali come l&#8217;Astaxantina e la vitamina E.<\/p>\n<h4>Modalit\u00e0 d\u2019uso<\/h4>\n<p>I Premietti funzionali SHG sono un ottimo mangime complementare, da intendersi come Snack e non devono sostituire la dieta giornaliera. Si consiglia, quotidianamente, un cubetto ogni 5 kg di peso del cane. Le barrette vengono confezionate in vacuum packed per preservarne la freschezza e la fragranza.<br \/>\nLa confezione contiene 2 barrette per un totale di 56 grammi di prodotto.<br \/>\nConservare in luogo fresco e asciutto.<\/p>\n","protected":false},"featured_media":5950,"template":"","meta":{"_acf_changed":false},"product_brand":[],"product_cat":[404,401,333,334,403],"product_tag":[],"class_list":{"0":"post-5354","1":"product","2":"type-product","3":"status-publish","4":"has-post-thumbnail","6":"product_cat-barrette","7":"product_cat-cani","8":"product_cat-integratori","9":"product_cat-liquidi","10":"product_cat-premietti-funzionali","11":"pa_peso-275","13":"first","14":"instock","15":"purchasable","16":"product-type-simple"},"acf":[],"yoast_head":"<!-- This site is optimized with the Yoast SEO plugin v27.4 - https:\/\/yoast.com\/product\/yoast-seo-wordpress\/ -->\n<title>Barrette Sardine e Olio di Krill - SHG shop<\/title>\n<meta name=\"robots\" content=\"index, follow, max-snippet:-1, max-image-preview:large, max-video-preview:-1\" \/>\n<link rel=\"canonical\" href=\"https:\/\/www.superhigroup.com\/shop\/prodotto\/barrette-sardine-olio-krill\/\" \/>\n<meta property=\"og:locale\" content=\"it_IT\" \/>\n<meta property=\"og:type\" content=\"article\" \/>\n<meta property=\"og:title\" content=\"Barrette Sardine e Olio di Krill - SHG shop\" \/>\n<meta property=\"og:description\" content=\"Le Barrette SHG Sardine e Olio di Krill rappresentano un alimento sano, completamente naturale ed allo stesso tempo goloso per i cani di tutte le et\u00e0. Prive di glutine e con un fondamentale contenuto di olio di Krill, sono state studiate per garantire un prodotto genuino e vengono cotte a temperature controllate per salvaguardare tutte le propriet\u00e0 organolettiche dei nutrienti. La sardina \u00e8 un alimento altamente nutriente per i cani ed \u00e8 una fonte naturale di aminoacidi essenziali. L&#039;olio di krill puro \u00e8 ottenuto utilizzando un crostaceo che compone lo zooplancton delle acque antartiche e costituisce un&#039;integrazione di \u03a9 3. Contiene antiossidanti naturali come l&#039;Astaxantina e la vitamina E. Modalit\u00e0 d\u2019uso I Premietti funzionali SHG sono un ottimo mangime complementare, da intendersi come Snack e non devono sostituire la dieta giornaliera. Si consiglia, quotidianamente, un cubetto ogni 5 kg di peso del cane. Le barrette vengono confezionate in vacuum packed per preservarne la freschezza e la fragranza. La confezione contiene 2 barrette per un totale di 56 grammi di prodotto. Conservare in luogo fresco e asciutto.\" \/>\n<meta property=\"og:url\" content=\"https:\/\/www.superhigroup.com\/shop\/prodotto\/barrette-sardine-olio-krill\/\" \/>\n<meta property=\"og:site_name\" content=\"SHG shop\" \/>\n<meta property=\"article:modified_time\" content=\"2026-05-07T06:41:13+00:00\" \/>\n<meta property=\"og:image\" content=\"https:\/\/www.superhigroup.com\/shop\/wp-content\/uploads\/2024\/10\/barette-sardine-olio-krill.png\" \/>\n\t<meta property=\"og:image:width\" content=\"623\" \/>\n\t<meta property=\"og:image:height\" content=\"800\" \/>\n\t<meta property=\"og:image:type\" content=\"image\/png\" \/>\n<meta name=\"twitter:card\" content=\"summary_large_image\" \/>\n<meta name=\"twitter:label1\" content=\"Tempo di lettura stimato\" \/>\n\t<meta name=\"twitter:data1\" content=\"1 minuto\" \/>\n<script type=\"application\/ld+json\" class=\"yoast-schema-graph\">{\"@context\":\"https:\\\/\\\/schema.org\",\"@graph\":[{\"@type\":\"WebPage\",\"@id\":\"https:\\\/\\\/www.superhigroup.com\\\/shop\\\/prodotto\\\/barrette-sardine-olio-krill\\\/\",\"url\":\"https:\\\/\\\/www.superhigroup.com\\\/shop\\\/prodotto\\\/barrette-sardine-olio-krill\\\/\",\"name\":\"Barrette Sardine e Olio di Krill - SHG shop\",\"isPartOf\":{\"@id\":\"https:\\\/\\\/www.superhigroup.com\\\/shop\\\/#website\"},\"primaryImageOfPage\":{\"@id\":\"https:\\\/\\\/www.superhigroup.com\\\/shop\\\/prodotto\\\/barrette-sardine-olio-krill\\\/#primaryimage\"},\"image\":{\"@id\":\"https:\\\/\\\/www.superhigroup.com\\\/shop\\\/prodotto\\\/barrette-sardine-olio-krill\\\/#primaryimage\"},\"thumbnailUrl\":\"https:\\\/\\\/www.superhigroup.com\\\/shop\\\/wp-content\\\/uploads\\\/2024\\\/10\\\/barette-sardine-olio-krill.png\",\"datePublished\":\"2024-10-28T13:34:57+00:00\",\"dateModified\":\"2026-05-07T06:41:13+00:00\",\"breadcrumb\":{\"@id\":\"https:\\\/\\\/www.superhigroup.com\\\/shop\\\/prodotto\\\/barrette-sardine-olio-krill\\\/#breadcrumb\"},\"inLanguage\":\"it-IT\",\"potentialAction\":[{\"@type\":\"ReadAction\",\"target\":[\"https:\\\/\\\/www.superhigroup.com\\\/shop\\\/prodotto\\\/barrette-sardine-olio-krill\\\/\"]}]},{\"@type\":\"ImageObject\",\"inLanguage\":\"it-IT\",\"@id\":\"https:\\\/\\\/www.superhigroup.com\\\/shop\\\/prodotto\\\/barrette-sardine-olio-krill\\\/#primaryimage\",\"url\":\"https:\\\/\\\/www.superhigroup.com\\\/shop\\\/wp-content\\\/uploads\\\/2024\\\/10\\\/barette-sardine-olio-krill.png\",\"contentUrl\":\"https:\\\/\\\/www.superhigroup.com\\\/shop\\\/wp-content\\\/uploads\\\/2024\\\/10\\\/barette-sardine-olio-krill.png\",\"width\":623,\"height\":800},{\"@type\":\"BreadcrumbList\",\"@id\":\"https:\\\/\\\/www.superhigroup.com\\\/shop\\\/prodotto\\\/barrette-sardine-olio-krill\\\/#breadcrumb\",\"itemListElement\":[{\"@type\":\"ListItem\",\"position\":1,\"name\":\"Home\",\"item\":\"https:\\\/\\\/www.superhigroup.com\\\/shop\\\/\"},{\"@type\":\"ListItem\",\"position\":2,\"name\":\"Shop\",\"item\":\"https:\\\/\\\/www.superhigroup.com\\\/shop\\\/negozio\\\/\"},{\"@type\":\"ListItem\",\"position\":3,\"name\":\"Barrette Sardine e Olio di Krill\"}]},{\"@type\":\"WebSite\",\"@id\":\"https:\\\/\\\/www.superhigroup.com\\\/shop\\\/#website\",\"url\":\"https:\\\/\\\/www.superhigroup.com\\\/shop\\\/\",\"name\":\"SHG shop\",\"description\":\"SHG shop\",\"publisher\":{\"@id\":\"https:\\\/\\\/www.superhigroup.com\\\/shop\\\/#organization\"},\"potentialAction\":[{\"@type\":\"SearchAction\",\"target\":{\"@type\":\"EntryPoint\",\"urlTemplate\":\"https:\\\/\\\/www.superhigroup.com\\\/shop\\\/?s={search_term_string}\"},\"query-input\":{\"@type\":\"PropertyValueSpecification\",\"valueRequired\":true,\"valueName\":\"search_term_string\"}}],\"inLanguage\":\"it-IT\"},{\"@type\":\"Organization\",\"@id\":\"https:\\\/\\\/www.superhigroup.com\\\/shop\\\/#organization\",\"name\":\"SHG s.r.l.\",\"url\":\"https:\\\/\\\/www.superhigroup.com\\\/shop\\\/\",\"logo\":{\"@type\":\"ImageObject\",\"inLanguage\":\"it-IT\",\"@id\":\"https:\\\/\\\/www.superhigroup.com\\\/shop\\\/#\\\/schema\\\/logo\\\/image\\\/\",\"url\":\"https:\\\/\\\/www.superhigroup.com\\\/shop\\\/wp-content\\\/uploads\\\/2023\\\/05\\\/logo.png\",\"contentUrl\":\"https:\\\/\\\/www.superhigroup.com\\\/shop\\\/wp-content\\\/uploads\\\/2023\\\/05\\\/logo.png\",\"width\":317,\"height\":79,\"caption\":\"SHG s.r.l.\"},\"image\":{\"@id\":\"https:\\\/\\\/www.superhigroup.com\\\/shop\\\/#\\\/schema\\\/logo\\\/image\\\/\"}}]}<\/script>\n<!-- \/ Yoast SEO plugin. -->","yoast_head_json":{"title":"Barrette Sardine e Olio di Krill - SHG shop","robots":{"index":"index","follow":"follow","max-snippet":"max-snippet:-1","max-image-preview":"max-image-preview:large","max-video-preview":"max-video-preview:-1"},"canonical":"https:\/\/www.superhigroup.com\/shop\/prodotto\/barrette-sardine-olio-krill\/","og_locale":"it_IT","og_type":"article","og_title":"Barrette Sardine e Olio di Krill - SHG shop","og_description":"Le Barrette SHG Sardine e Olio di Krill rappresentano un alimento sano, completamente naturale ed allo stesso tempo goloso per i cani di tutte le et\u00e0. Prive di glutine e con un fondamentale contenuto di olio di Krill, sono state studiate per garantire un prodotto genuino e vengono cotte a temperature controllate per salvaguardare tutte le propriet\u00e0 organolettiche dei nutrienti. La sardina \u00e8 un alimento altamente nutriente per i cani ed \u00e8 una fonte naturale di aminoacidi essenziali. L'olio di krill puro \u00e8 ottenuto utilizzando un crostaceo che compone lo zooplancton delle acque antartiche e costituisce un'integrazione di \u03a9 3. Contiene antiossidanti naturali come l'Astaxantina e la vitamina E. Modalit\u00e0 d\u2019uso I Premietti funzionali SHG sono un ottimo mangime complementare, da intendersi come Snack e non devono sostituire la dieta giornaliera. Si consiglia, quotidianamente, un cubetto ogni 5 kg di peso del cane. Le barrette vengono confezionate in vacuum packed per preservarne la freschezza e la fragranza. La confezione contiene 2 barrette per un totale di 56 grammi di prodotto. Conservare in luogo fresco e asciutto.","og_url":"https:\/\/www.superhigroup.com\/shop\/prodotto\/barrette-sardine-olio-krill\/","og_site_name":"SHG shop","article_modified_time":"2026-05-07T06:41:13+00:00","og_image":[{"width":623,"height":800,"url":"https:\/\/www.superhigroup.com\/shop\/wp-content\/uploads\/2024\/10\/barette-sardine-olio-krill.png","type":"image\/png"}],"twitter_card":"summary_large_image","twitter_misc":{"Tempo di lettura stimato":"1 minuto"},"schema":{"@context":"https:\/\/schema.org","@graph":[{"@type":"WebPage","@id":"https:\/\/www.superhigroup.com\/shop\/prodotto\/barrette-sardine-olio-krill\/","url":"https:\/\/www.superhigroup.com\/shop\/prodotto\/barrette-sardine-olio-krill\/","name":"Barrette Sardine e Olio di Krill - SHG shop","isPartOf":{"@id":"https:\/\/www.superhigroup.com\/shop\/#website"},"primaryImageOfPage":{"@id":"https:\/\/www.superhigroup.com\/shop\/prodotto\/barrette-sardine-olio-krill\/#primaryimage"},"image":{"@id":"https:\/\/www.superhigroup.com\/shop\/prodotto\/barrette-sardine-olio-krill\/#primaryimage"},"thumbnailUrl":"https:\/\/www.superhigroup.com\/shop\/wp-content\/uploads\/2024\/10\/barette-sardine-olio-krill.png","datePublished":"2024-10-28T13:34:57+00:00","dateModified":"2026-05-07T06:41:13+00:00","breadcrumb":{"@id":"https:\/\/www.superhigroup.com\/shop\/prodotto\/barrette-sardine-olio-krill\/#breadcrumb"},"inLanguage":"it-IT","potentialAction":[{"@type":"ReadAction","target":["https:\/\/www.superhigroup.com\/shop\/prodotto\/barrette-sardine-olio-krill\/"]}]},{"@type":"ImageObject","inLanguage":"it-IT","@id":"https:\/\/www.superhigroup.com\/shop\/prodotto\/barrette-sardine-olio-krill\/#primaryimage","url":"https:\/\/www.superhigroup.com\/shop\/wp-content\/uploads\/2024\/10\/barette-sardine-olio-krill.png","contentUrl":"https:\/\/www.superhigroup.com\/shop\/wp-content\/uploads\/2024\/10\/barette-sardine-olio-krill.png","width":623,"height":800},{"@type":"BreadcrumbList","@id":"https:\/\/www.superhigroup.com\/shop\/prodotto\/barrette-sardine-olio-krill\/#breadcrumb","itemListElement":[{"@type":"ListItem","position":1,"name":"Home","item":"https:\/\/www.superhigroup.com\/shop\/"},{"@type":"ListItem","position":2,"name":"Shop","item":"https:\/\/www.superhigroup.com\/shop\/negozio\/"},{"@type":"ListItem","position":3,"name":"Barrette Sardine e Olio di Krill"}]},{"@type":"WebSite","@id":"https:\/\/www.superhigroup.com\/shop\/#website","url":"https:\/\/www.superhigroup.com\/shop\/","name":"SHG shop","description":"SHG shop","publisher":{"@id":"https:\/\/www.superhigroup.com\/shop\/#organization"},"potentialAction":[{"@type":"SearchAction","target":{"@type":"EntryPoint","urlTemplate":"https:\/\/www.superhigroup.com\/shop\/?s={search_term_string}"},"query-input":{"@type":"PropertyValueSpecification","valueRequired":true,"valueName":"search_term_string"}}],"inLanguage":"it-IT"},{"@type":"Organization","@id":"https:\/\/www.superhigroup.com\/shop\/#organization","name":"SHG s.r.l.","url":"https:\/\/www.superhigroup.com\/shop\/","logo":{"@type":"ImageObject","inLanguage":"it-IT","@id":"https:\/\/www.superhigroup.com\/shop\/#\/schema\/logo\/image\/","url":"https:\/\/www.superhigroup.com\/shop\/wp-content\/uploads\/2023\/05\/logo.png","contentUrl":"https:\/\/www.superhigroup.com\/shop\/wp-content\/uploads\/2023\/05\/logo.png","width":317,"height":79,"caption":"SHG s.r.l."},"image":{"@id":"https:\/\/www.superhigroup.com\/shop\/#\/schema\/logo\/image\/"}}]}},"_links":{"self":[{"href":"https:\/\/www.superhigroup.com\/shop\/wp-json\/wp\/v2\/product\/5354","targetHints":{"allow":["GET"]}}],"collection":[{"href":"https:\/\/www.superhigroup.com\/shop\/wp-json\/wp\/v2\/product"}],"about":[{"href":"https:\/\/www.superhigroup.com\/shop\/wp-json\/wp\/v2\/types\/product"}],"wp:featuredmedia":[{"embeddable":true,"href":"https:\/\/www.superhigroup.com\/shop\/wp-json\/wp\/v2\/media\/5950"}],"wp:attachment":[{"href":"https:\/\/www.superhigroup.com\/shop\/wp-json\/wp\/v2\/media?parent=5354"}],"wp:term":[{"taxonomy":"product_brand","embeddable":true,"href":"https:\/\/www.superhigroup.com\/shop\/wp-json\/wp\/v2\/product_brand?post=5354"},{"taxonomy":"product_cat","embeddable":true,"href":"https:\/\/www.superhigroup.com\/shop\/wp-json\/wp\/v2\/product_cat?post=5354"},{"taxonomy":"product_tag","embeddable":true,"href":"https:\/\/www.superhigroup.com\/shop\/wp-json\/wp\/v2\/product_tag?post=5354"}],"curies":[{"name":"wp","href":"https:\/\/api.w.org\/{rel}","templated":true}]}}