{"id":4373,"date":"2023-06-07T10:57:46","date_gmt":"2023-06-07T08:57:46","guid":{"rendered":"https:\/\/www.superhigroup.com\/shop\/?post_type=product&#038;p=4373"},"modified":"2023-10-06T10:24:31","modified_gmt":"2023-10-06T08:24:31","slug":"granulato-6","status":"publish","type":"product","link":"https:\/\/www.superhigroup.com\/shop\/prodotto\/granulato-6\/","title":{"rendered":"Granulato"},"content":{"rendered":"<h4><strong>Ingredienti<\/strong><\/h4>\n<p>Farina di pesce, farina di frumento, glutine di grano, olio di pesce ad alto contenuto HUFA, lecitina, farina di krill, glutine di mais e siero del latte.<\/p>\n<h4><strong>Analisi nutrizionale<\/strong><\/h4>\n<p>Proteine 57,0 %<br \/>\nGrassi 15,0 %<br \/>\nFibre 1,0 %<br \/>\nCeneri 11,0 %<\/p>\n","protected":false},"excerpt":{"rendered":"<p>Il Granulato \u00e8 formulato per essere la naturale continuazione alimentare delle specie tropicali ornamentali, sia marine che d\u2019acqua dolce, nelle fasi dell\u2019accrescimento e del mantenimento di pesci adulti. Mettendo a frutto una vasta esperienza maturata nel campo delle problematiche nutrizionali si \u00e8 sviluppato e perfezionato una formulazione perfettamente bilanciata e completa.<br \/>\nMicroincapsulato, immunistimolante, molto appetibile, il prodotto \u00e8 estremamente digeribile, soddisfacendo le pi\u00f9 esigenti specifiche nutrizionali, non rilasciando in acquario residui oleosi.<br \/>\nLa dimensione del granulo \u00e8 1.5 mm.<\/p>\n","protected":false},"featured_media":4380,"template":"","meta":{"_acf_changed":false},"product_brand":[],"product_cat":[317,318,364,325,322,362],"product_tag":[],"class_list":{"0":"post-4373","1":"product","2":"type-product","3":"status-publish","4":"has-post-thumbnail","6":"product_cat-acquario-marino","7":"product_cat-acquario-tropicale","8":"product_cat-granuli-mangimi-acquario-tropicale","9":"product_cat-granuli","10":"product_cat-mangimi","11":"product_cat-mangimi-acquario-tropicale","12":"pa_peso-387","13":"pa_peso-293","14":"pa_peso-276","15":"pa_peso-287","16":"pa_peso-294","18":"first","19":"instock","20":"taxable","21":"shipping-taxable","22":"product-type-grouped"},"acf":[],"yoast_head":"<!-- This site is optimized with the Yoast SEO plugin v27.4 - https:\/\/yoast.com\/product\/yoast-seo-wordpress\/ -->\n<title>Granulato - SHG shop<\/title>\n<meta name=\"robots\" content=\"index, follow, max-snippet:-1, max-image-preview:large, max-video-preview:-1\" \/>\n<link rel=\"canonical\" href=\"https:\/\/www.superhigroup.com\/shop\/prodotto\/granulato-6\/\" \/>\n<meta property=\"og:locale\" content=\"it_IT\" \/>\n<meta property=\"og:type\" content=\"article\" \/>\n<meta property=\"og:title\" content=\"Granulato - SHG shop\" \/>\n<meta property=\"og:description\" content=\"Il Granulato \u00e8 formulato per essere la naturale continuazione alimentare delle specie tropicali ornamentali, sia marine che d\u2019acqua dolce, nelle fasi dell\u2019accrescimento e del mantenimento di pesci adulti. Mettendo a frutto una vasta esperienza maturata nel campo delle problematiche nutrizionali si \u00e8 sviluppato e perfezionato una formulazione perfettamente bilanciata e completa. Microincapsulato, immunistimolante, molto appetibile, il prodotto \u00e8 estremamente digeribile, soddisfacendo le pi\u00f9 esigenti specifiche nutrizionali, non rilasciando in acquario residui oleosi. La dimensione del granulo \u00e8 1.5 mm.\" \/>\n<meta property=\"og:url\" content=\"https:\/\/www.superhigroup.com\/shop\/prodotto\/granulato-6\/\" \/>\n<meta property=\"og:site_name\" content=\"SHG shop\" \/>\n<meta property=\"article:modified_time\" content=\"2023-10-06T08:24:31+00:00\" \/>\n<meta property=\"og:image\" content=\"https:\/\/www.superhigroup.com\/shop\/wp-content\/uploads\/2023\/06\/box-granulato.png\" \/>\n\t<meta property=\"og:image:width\" content=\"500\" \/>\n\t<meta property=\"og:image:height\" content=\"500\" \/>\n\t<meta property=\"og:image:type\" content=\"image\/png\" \/>\n<meta name=\"twitter:card\" content=\"summary_large_image\" \/>\n<meta name=\"twitter:label1\" content=\"Tempo di lettura stimato\" \/>\n\t<meta name=\"twitter:data1\" content=\"1 minuto\" \/>\n<script type=\"application\/ld+json\" class=\"yoast-schema-graph\">{\"@context\":\"https:\\\/\\\/schema.org\",\"@graph\":[{\"@type\":\"WebPage\",\"@id\":\"https:\\\/\\\/www.superhigroup.com\\\/shop\\\/prodotto\\\/granulato-6\\\/\",\"url\":\"https:\\\/\\\/www.superhigroup.com\\\/shop\\\/prodotto\\\/granulato-6\\\/\",\"name\":\"Granulato - SHG shop\",\"isPartOf\":{\"@id\":\"https:\\\/\\\/www.superhigroup.com\\\/shop\\\/#website\"},\"primaryImageOfPage\":{\"@id\":\"https:\\\/\\\/www.superhigroup.com\\\/shop\\\/prodotto\\\/granulato-6\\\/#primaryimage\"},\"image\":{\"@id\":\"https:\\\/\\\/www.superhigroup.com\\\/shop\\\/prodotto\\\/granulato-6\\\/#primaryimage\"},\"thumbnailUrl\":\"https:\\\/\\\/www.superhigroup.com\\\/shop\\\/wp-content\\\/uploads\\\/2023\\\/06\\\/box-granulato.png\",\"datePublished\":\"2023-06-07T08:57:46+00:00\",\"dateModified\":\"2023-10-06T08:24:31+00:00\",\"breadcrumb\":{\"@id\":\"https:\\\/\\\/www.superhigroup.com\\\/shop\\\/prodotto\\\/granulato-6\\\/#breadcrumb\"},\"inLanguage\":\"it-IT\",\"potentialAction\":[{\"@type\":\"ReadAction\",\"target\":[\"https:\\\/\\\/www.superhigroup.com\\\/shop\\\/prodotto\\\/granulato-6\\\/\"]}]},{\"@type\":\"ImageObject\",\"inLanguage\":\"it-IT\",\"@id\":\"https:\\\/\\\/www.superhigroup.com\\\/shop\\\/prodotto\\\/granulato-6\\\/#primaryimage\",\"url\":\"https:\\\/\\\/www.superhigroup.com\\\/shop\\\/wp-content\\\/uploads\\\/2023\\\/06\\\/box-granulato.png\",\"contentUrl\":\"https:\\\/\\\/www.superhigroup.com\\\/shop\\\/wp-content\\\/uploads\\\/2023\\\/06\\\/box-granulato.png\",\"width\":500,\"height\":500,\"caption\":\"confezione mangime in granuli, granulato\"},{\"@type\":\"BreadcrumbList\",\"@id\":\"https:\\\/\\\/www.superhigroup.com\\\/shop\\\/prodotto\\\/granulato-6\\\/#breadcrumb\",\"itemListElement\":[{\"@type\":\"ListItem\",\"position\":1,\"name\":\"Home\",\"item\":\"https:\\\/\\\/www.superhigroup.com\\\/shop\\\/\"},{\"@type\":\"ListItem\",\"position\":2,\"name\":\"Shop\",\"item\":\"https:\\\/\\\/www.superhigroup.com\\\/shop\\\/negozio\\\/\"},{\"@type\":\"ListItem\",\"position\":3,\"name\":\"Granulato\"}]},{\"@type\":\"WebSite\",\"@id\":\"https:\\\/\\\/www.superhigroup.com\\\/shop\\\/#website\",\"url\":\"https:\\\/\\\/www.superhigroup.com\\\/shop\\\/\",\"name\":\"SHG shop\",\"description\":\"SHG shop\",\"publisher\":{\"@id\":\"https:\\\/\\\/www.superhigroup.com\\\/shop\\\/#organization\"},\"potentialAction\":[{\"@type\":\"SearchAction\",\"target\":{\"@type\":\"EntryPoint\",\"urlTemplate\":\"https:\\\/\\\/www.superhigroup.com\\\/shop\\\/?s={search_term_string}\"},\"query-input\":{\"@type\":\"PropertyValueSpecification\",\"valueRequired\":true,\"valueName\":\"search_term_string\"}}],\"inLanguage\":\"it-IT\"},{\"@type\":\"Organization\",\"@id\":\"https:\\\/\\\/www.superhigroup.com\\\/shop\\\/#organization\",\"name\":\"SHG s.r.l.\",\"url\":\"https:\\\/\\\/www.superhigroup.com\\\/shop\\\/\",\"logo\":{\"@type\":\"ImageObject\",\"inLanguage\":\"it-IT\",\"@id\":\"https:\\\/\\\/www.superhigroup.com\\\/shop\\\/#\\\/schema\\\/logo\\\/image\\\/\",\"url\":\"https:\\\/\\\/www.superhigroup.com\\\/shop\\\/wp-content\\\/uploads\\\/2023\\\/05\\\/logo.png\",\"contentUrl\":\"https:\\\/\\\/www.superhigroup.com\\\/shop\\\/wp-content\\\/uploads\\\/2023\\\/05\\\/logo.png\",\"width\":317,\"height\":79,\"caption\":\"SHG s.r.l.\"},\"image\":{\"@id\":\"https:\\\/\\\/www.superhigroup.com\\\/shop\\\/#\\\/schema\\\/logo\\\/image\\\/\"}}]}<\/script>\n<!-- \/ Yoast SEO plugin. -->","yoast_head_json":{"title":"Granulato - SHG shop","robots":{"index":"index","follow":"follow","max-snippet":"max-snippet:-1","max-image-preview":"max-image-preview:large","max-video-preview":"max-video-preview:-1"},"canonical":"https:\/\/www.superhigroup.com\/shop\/prodotto\/granulato-6\/","og_locale":"it_IT","og_type":"article","og_title":"Granulato - SHG shop","og_description":"Il Granulato \u00e8 formulato per essere la naturale continuazione alimentare delle specie tropicali ornamentali, sia marine che d\u2019acqua dolce, nelle fasi dell\u2019accrescimento e del mantenimento di pesci adulti. Mettendo a frutto una vasta esperienza maturata nel campo delle problematiche nutrizionali si \u00e8 sviluppato e perfezionato una formulazione perfettamente bilanciata e completa. Microincapsulato, immunistimolante, molto appetibile, il prodotto \u00e8 estremamente digeribile, soddisfacendo le pi\u00f9 esigenti specifiche nutrizionali, non rilasciando in acquario residui oleosi. La dimensione del granulo \u00e8 1.5 mm.","og_url":"https:\/\/www.superhigroup.com\/shop\/prodotto\/granulato-6\/","og_site_name":"SHG shop","article_modified_time":"2023-10-06T08:24:31+00:00","og_image":[{"width":500,"height":500,"url":"https:\/\/www.superhigroup.com\/shop\/wp-content\/uploads\/2023\/06\/box-granulato.png","type":"image\/png"}],"twitter_card":"summary_large_image","twitter_misc":{"Tempo di lettura stimato":"1 minuto"},"schema":{"@context":"https:\/\/schema.org","@graph":[{"@type":"WebPage","@id":"https:\/\/www.superhigroup.com\/shop\/prodotto\/granulato-6\/","url":"https:\/\/www.superhigroup.com\/shop\/prodotto\/granulato-6\/","name":"Granulato - SHG shop","isPartOf":{"@id":"https:\/\/www.superhigroup.com\/shop\/#website"},"primaryImageOfPage":{"@id":"https:\/\/www.superhigroup.com\/shop\/prodotto\/granulato-6\/#primaryimage"},"image":{"@id":"https:\/\/www.superhigroup.com\/shop\/prodotto\/granulato-6\/#primaryimage"},"thumbnailUrl":"https:\/\/www.superhigroup.com\/shop\/wp-content\/uploads\/2023\/06\/box-granulato.png","datePublished":"2023-06-07T08:57:46+00:00","dateModified":"2023-10-06T08:24:31+00:00","breadcrumb":{"@id":"https:\/\/www.superhigroup.com\/shop\/prodotto\/granulato-6\/#breadcrumb"},"inLanguage":"it-IT","potentialAction":[{"@type":"ReadAction","target":["https:\/\/www.superhigroup.com\/shop\/prodotto\/granulato-6\/"]}]},{"@type":"ImageObject","inLanguage":"it-IT","@id":"https:\/\/www.superhigroup.com\/shop\/prodotto\/granulato-6\/#primaryimage","url":"https:\/\/www.superhigroup.com\/shop\/wp-content\/uploads\/2023\/06\/box-granulato.png","contentUrl":"https:\/\/www.superhigroup.com\/shop\/wp-content\/uploads\/2023\/06\/box-granulato.png","width":500,"height":500,"caption":"confezione mangime in granuli, granulato"},{"@type":"BreadcrumbList","@id":"https:\/\/www.superhigroup.com\/shop\/prodotto\/granulato-6\/#breadcrumb","itemListElement":[{"@type":"ListItem","position":1,"name":"Home","item":"https:\/\/www.superhigroup.com\/shop\/"},{"@type":"ListItem","position":2,"name":"Shop","item":"https:\/\/www.superhigroup.com\/shop\/negozio\/"},{"@type":"ListItem","position":3,"name":"Granulato"}]},{"@type":"WebSite","@id":"https:\/\/www.superhigroup.com\/shop\/#website","url":"https:\/\/www.superhigroup.com\/shop\/","name":"SHG shop","description":"SHG shop","publisher":{"@id":"https:\/\/www.superhigroup.com\/shop\/#organization"},"potentialAction":[{"@type":"SearchAction","target":{"@type":"EntryPoint","urlTemplate":"https:\/\/www.superhigroup.com\/shop\/?s={search_term_string}"},"query-input":{"@type":"PropertyValueSpecification","valueRequired":true,"valueName":"search_term_string"}}],"inLanguage":"it-IT"},{"@type":"Organization","@id":"https:\/\/www.superhigroup.com\/shop\/#organization","name":"SHG s.r.l.","url":"https:\/\/www.superhigroup.com\/shop\/","logo":{"@type":"ImageObject","inLanguage":"it-IT","@id":"https:\/\/www.superhigroup.com\/shop\/#\/schema\/logo\/image\/","url":"https:\/\/www.superhigroup.com\/shop\/wp-content\/uploads\/2023\/05\/logo.png","contentUrl":"https:\/\/www.superhigroup.com\/shop\/wp-content\/uploads\/2023\/05\/logo.png","width":317,"height":79,"caption":"SHG s.r.l."},"image":{"@id":"https:\/\/www.superhigroup.com\/shop\/#\/schema\/logo\/image\/"}}]}},"_links":{"self":[{"href":"https:\/\/www.superhigroup.com\/shop\/wp-json\/wp\/v2\/product\/4373","targetHints":{"allow":["GET"]}}],"collection":[{"href":"https:\/\/www.superhigroup.com\/shop\/wp-json\/wp\/v2\/product"}],"about":[{"href":"https:\/\/www.superhigroup.com\/shop\/wp-json\/wp\/v2\/types\/product"}],"wp:featuredmedia":[{"embeddable":true,"href":"https:\/\/www.superhigroup.com\/shop\/wp-json\/wp\/v2\/media\/4380"}],"wp:attachment":[{"href":"https:\/\/www.superhigroup.com\/shop\/wp-json\/wp\/v2\/media?parent=4373"}],"wp:term":[{"taxonomy":"product_brand","embeddable":true,"href":"https:\/\/www.superhigroup.com\/shop\/wp-json\/wp\/v2\/product_brand?post=4373"},{"taxonomy":"product_cat","embeddable":true,"href":"https:\/\/www.superhigroup.com\/shop\/wp-json\/wp\/v2\/product_cat?post=4373"},{"taxonomy":"product_tag","embeddable":true,"href":"https:\/\/www.superhigroup.com\/shop\/wp-json\/wp\/v2\/product_tag?post=4373"}],"curies":[{"name":"wp","href":"https:\/\/api.w.org\/{rel}","templated":true}]}}