{"id":4367,"date":"2023-06-07T10:50:55","date_gmt":"2023-06-07T08:50:55","guid":{"rendered":"https:\/\/www.superhigroup.com\/shop\/?post_type=product&#038;p=4367"},"modified":"2023-10-06T10:24:11","modified_gmt":"2023-10-06T08:24:11","slug":"marino-large-4","status":"publish","type":"product","link":"https:\/\/www.superhigroup.com\/shop\/prodotto\/marino-large-4\/","title":{"rendered":"Marino Large"},"content":{"rendered":"<h4><strong>Ingredienti<\/strong><\/h4>\n<p>Polpa di pesce e di crostacei, plancton del Pacifico, sardina essiccata, estratto di alghe marine, spirulina, germogli di soia, farina di grano tenero, olio di uova di salmone, lecitina, aglio liofilizzato, premix di amminoacidi estratti da proteine marine, vitamine tra cui la vitamina C stabilizzata, minerali e Beta-Glucano.<\/p>\n<h4><strong>Analisi nutrizionale<\/strong><\/h4>\n<p>Proteine 41,1 %<br \/>\nGrassi 9,0 %<br \/>\nFibre 2,4 %<br \/>\nCeneri 10,5 %<\/p>\n","protected":false},"excerpt":{"rendered":"<p>Estremamente appetibile, morbido e compatto, studiato per l\u2019uso in acquari di barriera dove \u00e8 importante mantenere basso il livello di inquinamento.<br \/>\nAlimento completo ad elevata appetibilit\u00e0 e digeribilit\u00e0, indicato quale dieta primaria per specie marine tropicali erbivore e zoofaghe di grandi dimensioni.<br \/>\nArricchito con HUFA (High Unsatured Fat Acids), betacarotenoidi naturali, aglio liofilizzato e Beta-Glucano.<br \/>\nPremium Marino Large risulta morbido e compatto all\u2019apparato boccale dei pesci ed \u00e8 scientificamente studiato per un lento affondamento, presentando caratteristiche di altissima stabilit\u00e0 fisica in acqua marina senza lasciare residui oleosi e tracce di fosfati.<\/p>\n","protected":false},"featured_media":4372,"template":"","meta":{"_acf_changed":false},"product_brand":[],"product_cat":[317,324,322],"product_tag":[],"class_list":{"0":"post-4367","1":"product","2":"type-product","3":"status-publish","4":"has-post-thumbnail","6":"product_cat-acquario-marino","7":"product_cat-linea-premium","8":"product_cat-mangimi","9":"pa_peso-387","10":"pa_peso-293","11":"pa_peso-294","13":"first","14":"instock","15":"taxable","16":"shipping-taxable","17":"product-type-grouped"},"acf":[],"yoast_head":"<!-- This site is optimized with the Yoast SEO plugin v27.4 - https:\/\/yoast.com\/product\/yoast-seo-wordpress\/ -->\n<title>Marino Large - SHG shop<\/title>\n<meta name=\"robots\" content=\"index, follow, max-snippet:-1, max-image-preview:large, max-video-preview:-1\" \/>\n<link rel=\"canonical\" href=\"https:\/\/www.superhigroup.com\/shop\/prodotto\/marino-large-4\/\" \/>\n<meta property=\"og:locale\" content=\"it_IT\" \/>\n<meta property=\"og:type\" content=\"article\" \/>\n<meta property=\"og:title\" content=\"Marino Large - SHG shop\" \/>\n<meta property=\"og:description\" content=\"Estremamente appetibile, morbido e compatto, studiato per l\u2019uso in acquari di barriera dove \u00e8 importante mantenere basso il livello di inquinamento. Alimento completo ad elevata appetibilit\u00e0 e digeribilit\u00e0, indicato quale dieta primaria per specie marine tropicali erbivore e zoofaghe di grandi dimensioni. Arricchito con HUFA (High Unsatured Fat Acids), betacarotenoidi naturali, aglio liofilizzato e Beta-Glucano. Premium Marino Large risulta morbido e compatto all\u2019apparato boccale dei pesci ed \u00e8 scientificamente studiato per un lento affondamento, presentando caratteristiche di altissima stabilit\u00e0 fisica in acqua marina senza lasciare residui oleosi e tracce di fosfati.\" \/>\n<meta property=\"og:url\" content=\"https:\/\/www.superhigroup.com\/shop\/prodotto\/marino-large-4\/\" \/>\n<meta property=\"og:site_name\" content=\"SHG shop\" \/>\n<meta property=\"article:modified_time\" content=\"2023-10-06T08:24:11+00:00\" \/>\n<meta property=\"og:image\" content=\"https:\/\/www.superhigroup.com\/shop\/wp-content\/uploads\/2023\/06\/box-premium-marino-large.png\" \/>\n\t<meta property=\"og:image:width\" content=\"500\" \/>\n\t<meta property=\"og:image:height\" content=\"500\" \/>\n\t<meta property=\"og:image:type\" content=\"image\/png\" \/>\n<meta name=\"twitter:card\" content=\"summary_large_image\" \/>\n<meta name=\"twitter:label1\" content=\"Tempo di lettura stimato\" \/>\n\t<meta name=\"twitter:data1\" content=\"1 minuto\" \/>\n<script type=\"application\/ld+json\" class=\"yoast-schema-graph\">{\"@context\":\"https:\\\/\\\/schema.org\",\"@graph\":[{\"@type\":\"WebPage\",\"@id\":\"https:\\\/\\\/www.superhigroup.com\\\/shop\\\/prodotto\\\/marino-large-4\\\/\",\"url\":\"https:\\\/\\\/www.superhigroup.com\\\/shop\\\/prodotto\\\/marino-large-4\\\/\",\"name\":\"Marino Large - SHG shop\",\"isPartOf\":{\"@id\":\"https:\\\/\\\/www.superhigroup.com\\\/shop\\\/#website\"},\"primaryImageOfPage\":{\"@id\":\"https:\\\/\\\/www.superhigroup.com\\\/shop\\\/prodotto\\\/marino-large-4\\\/#primaryimage\"},\"image\":{\"@id\":\"https:\\\/\\\/www.superhigroup.com\\\/shop\\\/prodotto\\\/marino-large-4\\\/#primaryimage\"},\"thumbnailUrl\":\"https:\\\/\\\/www.superhigroup.com\\\/shop\\\/wp-content\\\/uploads\\\/2023\\\/06\\\/box-premium-marino-large.png\",\"datePublished\":\"2023-06-07T08:50:55+00:00\",\"dateModified\":\"2023-10-06T08:24:11+00:00\",\"breadcrumb\":{\"@id\":\"https:\\\/\\\/www.superhigroup.com\\\/shop\\\/prodotto\\\/marino-large-4\\\/#breadcrumb\"},\"inLanguage\":\"it-IT\",\"potentialAction\":[{\"@type\":\"ReadAction\",\"target\":[\"https:\\\/\\\/www.superhigroup.com\\\/shop\\\/prodotto\\\/marino-large-4\\\/\"]}]},{\"@type\":\"ImageObject\",\"inLanguage\":\"it-IT\",\"@id\":\"https:\\\/\\\/www.superhigroup.com\\\/shop\\\/prodotto\\\/marino-large-4\\\/#primaryimage\",\"url\":\"https:\\\/\\\/www.superhigroup.com\\\/shop\\\/wp-content\\\/uploads\\\/2023\\\/06\\\/box-premium-marino-large.png\",\"contentUrl\":\"https:\\\/\\\/www.superhigroup.com\\\/shop\\\/wp-content\\\/uploads\\\/2023\\\/06\\\/box-premium-marino-large.png\",\"width\":500,\"height\":500,\"caption\":\"confezione di mangime premium marino large\"},{\"@type\":\"BreadcrumbList\",\"@id\":\"https:\\\/\\\/www.superhigroup.com\\\/shop\\\/prodotto\\\/marino-large-4\\\/#breadcrumb\",\"itemListElement\":[{\"@type\":\"ListItem\",\"position\":1,\"name\":\"Home\",\"item\":\"https:\\\/\\\/www.superhigroup.com\\\/shop\\\/\"},{\"@type\":\"ListItem\",\"position\":2,\"name\":\"Shop\",\"item\":\"https:\\\/\\\/www.superhigroup.com\\\/shop\\\/negozio\\\/\"},{\"@type\":\"ListItem\",\"position\":3,\"name\":\"Marino Large\"}]},{\"@type\":\"WebSite\",\"@id\":\"https:\\\/\\\/www.superhigroup.com\\\/shop\\\/#website\",\"url\":\"https:\\\/\\\/www.superhigroup.com\\\/shop\\\/\",\"name\":\"SHG shop\",\"description\":\"SHG shop\",\"publisher\":{\"@id\":\"https:\\\/\\\/www.superhigroup.com\\\/shop\\\/#organization\"},\"potentialAction\":[{\"@type\":\"SearchAction\",\"target\":{\"@type\":\"EntryPoint\",\"urlTemplate\":\"https:\\\/\\\/www.superhigroup.com\\\/shop\\\/?s={search_term_string}\"},\"query-input\":{\"@type\":\"PropertyValueSpecification\",\"valueRequired\":true,\"valueName\":\"search_term_string\"}}],\"inLanguage\":\"it-IT\"},{\"@type\":\"Organization\",\"@id\":\"https:\\\/\\\/www.superhigroup.com\\\/shop\\\/#organization\",\"name\":\"SHG s.r.l.\",\"url\":\"https:\\\/\\\/www.superhigroup.com\\\/shop\\\/\",\"logo\":{\"@type\":\"ImageObject\",\"inLanguage\":\"it-IT\",\"@id\":\"https:\\\/\\\/www.superhigroup.com\\\/shop\\\/#\\\/schema\\\/logo\\\/image\\\/\",\"url\":\"https:\\\/\\\/www.superhigroup.com\\\/shop\\\/wp-content\\\/uploads\\\/2023\\\/05\\\/logo.png\",\"contentUrl\":\"https:\\\/\\\/www.superhigroup.com\\\/shop\\\/wp-content\\\/uploads\\\/2023\\\/05\\\/logo.png\",\"width\":317,\"height\":79,\"caption\":\"SHG s.r.l.\"},\"image\":{\"@id\":\"https:\\\/\\\/www.superhigroup.com\\\/shop\\\/#\\\/schema\\\/logo\\\/image\\\/\"}}]}<\/script>\n<!-- \/ Yoast SEO plugin. -->","yoast_head_json":{"title":"Marino Large - SHG shop","robots":{"index":"index","follow":"follow","max-snippet":"max-snippet:-1","max-image-preview":"max-image-preview:large","max-video-preview":"max-video-preview:-1"},"canonical":"https:\/\/www.superhigroup.com\/shop\/prodotto\/marino-large-4\/","og_locale":"it_IT","og_type":"article","og_title":"Marino Large - SHG shop","og_description":"Estremamente appetibile, morbido e compatto, studiato per l\u2019uso in acquari di barriera dove \u00e8 importante mantenere basso il livello di inquinamento. Alimento completo ad elevata appetibilit\u00e0 e digeribilit\u00e0, indicato quale dieta primaria per specie marine tropicali erbivore e zoofaghe di grandi dimensioni. Arricchito con HUFA (High Unsatured Fat Acids), betacarotenoidi naturali, aglio liofilizzato e Beta-Glucano. Premium Marino Large risulta morbido e compatto all\u2019apparato boccale dei pesci ed \u00e8 scientificamente studiato per un lento affondamento, presentando caratteristiche di altissima stabilit\u00e0 fisica in acqua marina senza lasciare residui oleosi e tracce di fosfati.","og_url":"https:\/\/www.superhigroup.com\/shop\/prodotto\/marino-large-4\/","og_site_name":"SHG shop","article_modified_time":"2023-10-06T08:24:11+00:00","og_image":[{"width":500,"height":500,"url":"https:\/\/www.superhigroup.com\/shop\/wp-content\/uploads\/2023\/06\/box-premium-marino-large.png","type":"image\/png"}],"twitter_card":"summary_large_image","twitter_misc":{"Tempo di lettura stimato":"1 minuto"},"schema":{"@context":"https:\/\/schema.org","@graph":[{"@type":"WebPage","@id":"https:\/\/www.superhigroup.com\/shop\/prodotto\/marino-large-4\/","url":"https:\/\/www.superhigroup.com\/shop\/prodotto\/marino-large-4\/","name":"Marino Large - SHG shop","isPartOf":{"@id":"https:\/\/www.superhigroup.com\/shop\/#website"},"primaryImageOfPage":{"@id":"https:\/\/www.superhigroup.com\/shop\/prodotto\/marino-large-4\/#primaryimage"},"image":{"@id":"https:\/\/www.superhigroup.com\/shop\/prodotto\/marino-large-4\/#primaryimage"},"thumbnailUrl":"https:\/\/www.superhigroup.com\/shop\/wp-content\/uploads\/2023\/06\/box-premium-marino-large.png","datePublished":"2023-06-07T08:50:55+00:00","dateModified":"2023-10-06T08:24:11+00:00","breadcrumb":{"@id":"https:\/\/www.superhigroup.com\/shop\/prodotto\/marino-large-4\/#breadcrumb"},"inLanguage":"it-IT","potentialAction":[{"@type":"ReadAction","target":["https:\/\/www.superhigroup.com\/shop\/prodotto\/marino-large-4\/"]}]},{"@type":"ImageObject","inLanguage":"it-IT","@id":"https:\/\/www.superhigroup.com\/shop\/prodotto\/marino-large-4\/#primaryimage","url":"https:\/\/www.superhigroup.com\/shop\/wp-content\/uploads\/2023\/06\/box-premium-marino-large.png","contentUrl":"https:\/\/www.superhigroup.com\/shop\/wp-content\/uploads\/2023\/06\/box-premium-marino-large.png","width":500,"height":500,"caption":"confezione di mangime premium marino large"},{"@type":"BreadcrumbList","@id":"https:\/\/www.superhigroup.com\/shop\/prodotto\/marino-large-4\/#breadcrumb","itemListElement":[{"@type":"ListItem","position":1,"name":"Home","item":"https:\/\/www.superhigroup.com\/shop\/"},{"@type":"ListItem","position":2,"name":"Shop","item":"https:\/\/www.superhigroup.com\/shop\/negozio\/"},{"@type":"ListItem","position":3,"name":"Marino Large"}]},{"@type":"WebSite","@id":"https:\/\/www.superhigroup.com\/shop\/#website","url":"https:\/\/www.superhigroup.com\/shop\/","name":"SHG shop","description":"SHG shop","publisher":{"@id":"https:\/\/www.superhigroup.com\/shop\/#organization"},"potentialAction":[{"@type":"SearchAction","target":{"@type":"EntryPoint","urlTemplate":"https:\/\/www.superhigroup.com\/shop\/?s={search_term_string}"},"query-input":{"@type":"PropertyValueSpecification","valueRequired":true,"valueName":"search_term_string"}}],"inLanguage":"it-IT"},{"@type":"Organization","@id":"https:\/\/www.superhigroup.com\/shop\/#organization","name":"SHG s.r.l.","url":"https:\/\/www.superhigroup.com\/shop\/","logo":{"@type":"ImageObject","inLanguage":"it-IT","@id":"https:\/\/www.superhigroup.com\/shop\/#\/schema\/logo\/image\/","url":"https:\/\/www.superhigroup.com\/shop\/wp-content\/uploads\/2023\/05\/logo.png","contentUrl":"https:\/\/www.superhigroup.com\/shop\/wp-content\/uploads\/2023\/05\/logo.png","width":317,"height":79,"caption":"SHG s.r.l."},"image":{"@id":"https:\/\/www.superhigroup.com\/shop\/#\/schema\/logo\/image\/"}}]}},"_links":{"self":[{"href":"https:\/\/www.superhigroup.com\/shop\/wp-json\/wp\/v2\/product\/4367","targetHints":{"allow":["GET"]}}],"collection":[{"href":"https:\/\/www.superhigroup.com\/shop\/wp-json\/wp\/v2\/product"}],"about":[{"href":"https:\/\/www.superhigroup.com\/shop\/wp-json\/wp\/v2\/types\/product"}],"wp:featuredmedia":[{"embeddable":true,"href":"https:\/\/www.superhigroup.com\/shop\/wp-json\/wp\/v2\/media\/4372"}],"wp:attachment":[{"href":"https:\/\/www.superhigroup.com\/shop\/wp-json\/wp\/v2\/media?parent=4367"}],"wp:term":[{"taxonomy":"product_brand","embeddable":true,"href":"https:\/\/www.superhigroup.com\/shop\/wp-json\/wp\/v2\/product_brand?post=4367"},{"taxonomy":"product_cat","embeddable":true,"href":"https:\/\/www.superhigroup.com\/shop\/wp-json\/wp\/v2\/product_cat?post=4367"},{"taxonomy":"product_tag","embeddable":true,"href":"https:\/\/www.superhigroup.com\/shop\/wp-json\/wp\/v2\/product_tag?post=4367"}],"curies":[{"name":"wp","href":"https:\/\/api.w.org\/{rel}","templated":true}]}}