{"id":4153,"date":"2023-05-17T16:18:34","date_gmt":"2023-05-17T16:18:34","guid":{"rendered":"https:\/\/www.superhigroup.com\/shop\/prodotto\/test-no2-nitriti\/"},"modified":"2026-03-24T17:50:10","modified_gmt":"2026-03-24T15:50:10","slug":"test-no2-nitriti","status":"publish","type":"product","link":"https:\/\/www.superhigroup.com\/shop\/prodotto\/test-no2-nitriti\/","title":{"rendered":"Test NO2 Nitriti"},"content":{"rendered":"<p><img loading=\"lazy\" decoding=\"async\" class=\"aligncenter wp-image-4669 size-full\" src=\"https:\/\/www.superhigroup.com\/shop\/wp-content\/uploads\/2023\/06\/istruzioni-test-no2-acquario-tropicale-marino.png\" alt=\"istruzione del test NO2 per aquario marino e tropicale\" width=\"1000\" height=\"844\" srcset=\"https:\/\/www.superhigroup.com\/shop\/wp-content\/uploads\/2023\/06\/istruzioni-test-no2-acquario-tropicale-marino.png 1000w, https:\/\/www.superhigroup.com\/shop\/wp-content\/uploads\/2023\/06\/istruzioni-test-no2-acquario-tropicale-marino-300x253.png 300w, https:\/\/www.superhigroup.com\/shop\/wp-content\/uploads\/2023\/06\/istruzioni-test-no2-acquario-tropicale-marino-768x648.png 768w, https:\/\/www.superhigroup.com\/shop\/wp-content\/uploads\/2023\/06\/istruzioni-test-no2-acquario-tropicale-marino-416x351.png 416w\" sizes=\"auto, (max-width: 1000px) 100vw, 1000px\" \/><\/p>\n","protected":false},"excerpt":{"rendered":"<p>Reagente per la misurazione dei nitriti in acquari d\u2019acqua dolce e marina.<br \/>\nI nitriti, chimicamente abbreviati in NO2, sono il risultato della trasformazione dell\u2019ammoniaca per opera dei batteri nitrificanti. Anche se meno pericolosi dell\u2019ammoniaca, i nitriti sono tossici per gli organismi acquatici.<br \/>\nE\u2019 quindi molto importante mantenere il loro livello prossimo allo zero.<br \/>\nUn valore superiore a 0,5 mg\/L indica che il filtro biologico non \u00e8 ancora maturo per ospitare i pesci oppure che la loro quantit\u00e0 o dimensione (biomassa) \u00e8 eccessiva rispetto alle potenzialit\u00e0 del filtro stesso.<\/p>\n","protected":false},"featured_media":4602,"template":"","meta":{"_acf_changed":false},"product_brand":[],"product_cat":[319,317,318,380,342],"product_tag":[],"class_list":{"0":"post-4153","1":"product","2":"type-product","3":"status-publish","4":"has-post-thumbnail","6":"product_cat-acqua-fredda","7":"product_cat-acquario-marino","8":"product_cat-acquario-tropicale","9":"product_cat-test-acquario-tropicale","10":"product_cat-test","12":"first","13":"instock","14":"purchasable","15":"product-type-simple"},"acf":[],"yoast_head":"<!-- This site is optimized with the Yoast SEO plugin v27.4 - https:\/\/yoast.com\/product\/yoast-seo-wordpress\/ -->\n<title>Test NO2 Nitriti - SHG shop<\/title>\n<meta name=\"robots\" content=\"index, follow, max-snippet:-1, max-image-preview:large, max-video-preview:-1\" \/>\n<link rel=\"canonical\" href=\"https:\/\/www.superhigroup.com\/shop\/prodotto\/test-no2-nitriti\/\" \/>\n<meta property=\"og:locale\" content=\"it_IT\" \/>\n<meta property=\"og:type\" content=\"article\" \/>\n<meta property=\"og:title\" content=\"Test NO2 Nitriti - SHG shop\" \/>\n<meta property=\"og:description\" content=\"Reagente per la misurazione dei nitriti in acquari d\u2019acqua dolce e marina. I nitriti, chimicamente abbreviati in NO2, sono il risultato della trasformazione dell\u2019ammoniaca per opera dei batteri nitrificanti. Anche se meno pericolosi dell\u2019ammoniaca, i nitriti sono tossici per gli organismi acquatici. E\u2019 quindi molto importante mantenere il loro livello prossimo allo zero. Un valore superiore a 0,5 mg\/L indica che il filtro biologico non \u00e8 ancora maturo per ospitare i pesci oppure che la loro quantit\u00e0 o dimensione (biomassa) \u00e8 eccessiva rispetto alle potenzialit\u00e0 del filtro stesso.\" \/>\n<meta property=\"og:url\" content=\"https:\/\/www.superhigroup.com\/shop\/prodotto\/test-no2-nitriti\/\" \/>\n<meta property=\"og:site_name\" content=\"SHG shop\" \/>\n<meta property=\"article:modified_time\" content=\"2026-03-24T15:50:10+00:00\" \/>\n<meta property=\"og:image\" content=\"https:\/\/www.superhigroup.com\/shop\/wp-content\/uploads\/2023\/05\/test-no2.png\" \/>\n\t<meta property=\"og:image:width\" content=\"1000\" \/>\n\t<meta property=\"og:image:height\" content=\"1000\" \/>\n\t<meta property=\"og:image:type\" content=\"image\/png\" \/>\n<meta name=\"twitter:card\" content=\"summary_large_image\" \/>\n<meta name=\"twitter:label1\" content=\"Tempo di lettura stimato\" \/>\n\t<meta name=\"twitter:data1\" content=\"1 minuto\" \/>\n<script type=\"application\/ld+json\" class=\"yoast-schema-graph\">{\"@context\":\"https:\\\/\\\/schema.org\",\"@graph\":[{\"@type\":\"WebPage\",\"@id\":\"https:\\\/\\\/www.superhigroup.com\\\/shop\\\/prodotto\\\/test-no2-nitriti\\\/\",\"url\":\"https:\\\/\\\/www.superhigroup.com\\\/shop\\\/prodotto\\\/test-no2-nitriti\\\/\",\"name\":\"Test NO2 Nitriti - SHG shop\",\"isPartOf\":{\"@id\":\"https:\\\/\\\/www.superhigroup.com\\\/shop\\\/#website\"},\"primaryImageOfPage\":{\"@id\":\"https:\\\/\\\/www.superhigroup.com\\\/shop\\\/prodotto\\\/test-no2-nitriti\\\/#primaryimage\"},\"image\":{\"@id\":\"https:\\\/\\\/www.superhigroup.com\\\/shop\\\/prodotto\\\/test-no2-nitriti\\\/#primaryimage\"},\"thumbnailUrl\":\"https:\\\/\\\/www.superhigroup.com\\\/shop\\\/wp-content\\\/uploads\\\/2023\\\/05\\\/test-no2.png\",\"datePublished\":\"2023-05-17T16:18:34+00:00\",\"dateModified\":\"2026-03-24T15:50:10+00:00\",\"breadcrumb\":{\"@id\":\"https:\\\/\\\/www.superhigroup.com\\\/shop\\\/prodotto\\\/test-no2-nitriti\\\/#breadcrumb\"},\"inLanguage\":\"it-IT\",\"potentialAction\":[{\"@type\":\"ReadAction\",\"target\":[\"https:\\\/\\\/www.superhigroup.com\\\/shop\\\/prodotto\\\/test-no2-nitriti\\\/\"]}]},{\"@type\":\"ImageObject\",\"inLanguage\":\"it-IT\",\"@id\":\"https:\\\/\\\/www.superhigroup.com\\\/shop\\\/prodotto\\\/test-no2-nitriti\\\/#primaryimage\",\"url\":\"https:\\\/\\\/www.superhigroup.com\\\/shop\\\/wp-content\\\/uploads\\\/2023\\\/05\\\/test-no2.png\",\"contentUrl\":\"https:\\\/\\\/www.superhigroup.com\\\/shop\\\/wp-content\\\/uploads\\\/2023\\\/05\\\/test-no2.png\",\"width\":1000,\"height\":1000,\"caption\":\"confezione test nitrati per acquario\"},{\"@type\":\"BreadcrumbList\",\"@id\":\"https:\\\/\\\/www.superhigroup.com\\\/shop\\\/prodotto\\\/test-no2-nitriti\\\/#breadcrumb\",\"itemListElement\":[{\"@type\":\"ListItem\",\"position\":1,\"name\":\"Home\",\"item\":\"https:\\\/\\\/www.superhigroup.com\\\/shop\\\/\"},{\"@type\":\"ListItem\",\"position\":2,\"name\":\"Shop\",\"item\":\"https:\\\/\\\/www.superhigroup.com\\\/shop\\\/negozio\\\/\"},{\"@type\":\"ListItem\",\"position\":3,\"name\":\"Test NO2 Nitriti\"}]},{\"@type\":\"WebSite\",\"@id\":\"https:\\\/\\\/www.superhigroup.com\\\/shop\\\/#website\",\"url\":\"https:\\\/\\\/www.superhigroup.com\\\/shop\\\/\",\"name\":\"SHG shop\",\"description\":\"SHG shop\",\"publisher\":{\"@id\":\"https:\\\/\\\/www.superhigroup.com\\\/shop\\\/#organization\"},\"potentialAction\":[{\"@type\":\"SearchAction\",\"target\":{\"@type\":\"EntryPoint\",\"urlTemplate\":\"https:\\\/\\\/www.superhigroup.com\\\/shop\\\/?s={search_term_string}\"},\"query-input\":{\"@type\":\"PropertyValueSpecification\",\"valueRequired\":true,\"valueName\":\"search_term_string\"}}],\"inLanguage\":\"it-IT\"},{\"@type\":\"Organization\",\"@id\":\"https:\\\/\\\/www.superhigroup.com\\\/shop\\\/#organization\",\"name\":\"SHG s.r.l.\",\"url\":\"https:\\\/\\\/www.superhigroup.com\\\/shop\\\/\",\"logo\":{\"@type\":\"ImageObject\",\"inLanguage\":\"it-IT\",\"@id\":\"https:\\\/\\\/www.superhigroup.com\\\/shop\\\/#\\\/schema\\\/logo\\\/image\\\/\",\"url\":\"https:\\\/\\\/www.superhigroup.com\\\/shop\\\/wp-content\\\/uploads\\\/2023\\\/05\\\/logo.png\",\"contentUrl\":\"https:\\\/\\\/www.superhigroup.com\\\/shop\\\/wp-content\\\/uploads\\\/2023\\\/05\\\/logo.png\",\"width\":317,\"height\":79,\"caption\":\"SHG s.r.l.\"},\"image\":{\"@id\":\"https:\\\/\\\/www.superhigroup.com\\\/shop\\\/#\\\/schema\\\/logo\\\/image\\\/\"}}]}<\/script>\n<!-- \/ Yoast SEO plugin. -->","yoast_head_json":{"title":"Test NO2 Nitriti - SHG shop","robots":{"index":"index","follow":"follow","max-snippet":"max-snippet:-1","max-image-preview":"max-image-preview:large","max-video-preview":"max-video-preview:-1"},"canonical":"https:\/\/www.superhigroup.com\/shop\/prodotto\/test-no2-nitriti\/","og_locale":"it_IT","og_type":"article","og_title":"Test NO2 Nitriti - SHG shop","og_description":"Reagente per la misurazione dei nitriti in acquari d\u2019acqua dolce e marina. I nitriti, chimicamente abbreviati in NO2, sono il risultato della trasformazione dell\u2019ammoniaca per opera dei batteri nitrificanti. Anche se meno pericolosi dell\u2019ammoniaca, i nitriti sono tossici per gli organismi acquatici. E\u2019 quindi molto importante mantenere il loro livello prossimo allo zero. Un valore superiore a 0,5 mg\/L indica che il filtro biologico non \u00e8 ancora maturo per ospitare i pesci oppure che la loro quantit\u00e0 o dimensione (biomassa) \u00e8 eccessiva rispetto alle potenzialit\u00e0 del filtro stesso.","og_url":"https:\/\/www.superhigroup.com\/shop\/prodotto\/test-no2-nitriti\/","og_site_name":"SHG shop","article_modified_time":"2026-03-24T15:50:10+00:00","og_image":[{"width":1000,"height":1000,"url":"https:\/\/www.superhigroup.com\/shop\/wp-content\/uploads\/2023\/05\/test-no2.png","type":"image\/png"}],"twitter_card":"summary_large_image","twitter_misc":{"Tempo di lettura stimato":"1 minuto"},"schema":{"@context":"https:\/\/schema.org","@graph":[{"@type":"WebPage","@id":"https:\/\/www.superhigroup.com\/shop\/prodotto\/test-no2-nitriti\/","url":"https:\/\/www.superhigroup.com\/shop\/prodotto\/test-no2-nitriti\/","name":"Test NO2 Nitriti - SHG shop","isPartOf":{"@id":"https:\/\/www.superhigroup.com\/shop\/#website"},"primaryImageOfPage":{"@id":"https:\/\/www.superhigroup.com\/shop\/prodotto\/test-no2-nitriti\/#primaryimage"},"image":{"@id":"https:\/\/www.superhigroup.com\/shop\/prodotto\/test-no2-nitriti\/#primaryimage"},"thumbnailUrl":"https:\/\/www.superhigroup.com\/shop\/wp-content\/uploads\/2023\/05\/test-no2.png","datePublished":"2023-05-17T16:18:34+00:00","dateModified":"2026-03-24T15:50:10+00:00","breadcrumb":{"@id":"https:\/\/www.superhigroup.com\/shop\/prodotto\/test-no2-nitriti\/#breadcrumb"},"inLanguage":"it-IT","potentialAction":[{"@type":"ReadAction","target":["https:\/\/www.superhigroup.com\/shop\/prodotto\/test-no2-nitriti\/"]}]},{"@type":"ImageObject","inLanguage":"it-IT","@id":"https:\/\/www.superhigroup.com\/shop\/prodotto\/test-no2-nitriti\/#primaryimage","url":"https:\/\/www.superhigroup.com\/shop\/wp-content\/uploads\/2023\/05\/test-no2.png","contentUrl":"https:\/\/www.superhigroup.com\/shop\/wp-content\/uploads\/2023\/05\/test-no2.png","width":1000,"height":1000,"caption":"confezione test nitrati per acquario"},{"@type":"BreadcrumbList","@id":"https:\/\/www.superhigroup.com\/shop\/prodotto\/test-no2-nitriti\/#breadcrumb","itemListElement":[{"@type":"ListItem","position":1,"name":"Home","item":"https:\/\/www.superhigroup.com\/shop\/"},{"@type":"ListItem","position":2,"name":"Shop","item":"https:\/\/www.superhigroup.com\/shop\/negozio\/"},{"@type":"ListItem","position":3,"name":"Test NO2 Nitriti"}]},{"@type":"WebSite","@id":"https:\/\/www.superhigroup.com\/shop\/#website","url":"https:\/\/www.superhigroup.com\/shop\/","name":"SHG shop","description":"SHG shop","publisher":{"@id":"https:\/\/www.superhigroup.com\/shop\/#organization"},"potentialAction":[{"@type":"SearchAction","target":{"@type":"EntryPoint","urlTemplate":"https:\/\/www.superhigroup.com\/shop\/?s={search_term_string}"},"query-input":{"@type":"PropertyValueSpecification","valueRequired":true,"valueName":"search_term_string"}}],"inLanguage":"it-IT"},{"@type":"Organization","@id":"https:\/\/www.superhigroup.com\/shop\/#organization","name":"SHG s.r.l.","url":"https:\/\/www.superhigroup.com\/shop\/","logo":{"@type":"ImageObject","inLanguage":"it-IT","@id":"https:\/\/www.superhigroup.com\/shop\/#\/schema\/logo\/image\/","url":"https:\/\/www.superhigroup.com\/shop\/wp-content\/uploads\/2023\/05\/logo.png","contentUrl":"https:\/\/www.superhigroup.com\/shop\/wp-content\/uploads\/2023\/05\/logo.png","width":317,"height":79,"caption":"SHG s.r.l."},"image":{"@id":"https:\/\/www.superhigroup.com\/shop\/#\/schema\/logo\/image\/"}}]}},"_links":{"self":[{"href":"https:\/\/www.superhigroup.com\/shop\/wp-json\/wp\/v2\/product\/4153","targetHints":{"allow":["GET"]}}],"collection":[{"href":"https:\/\/www.superhigroup.com\/shop\/wp-json\/wp\/v2\/product"}],"about":[{"href":"https:\/\/www.superhigroup.com\/shop\/wp-json\/wp\/v2\/types\/product"}],"wp:featuredmedia":[{"embeddable":true,"href":"https:\/\/www.superhigroup.com\/shop\/wp-json\/wp\/v2\/media\/4602"}],"wp:attachment":[{"href":"https:\/\/www.superhigroup.com\/shop\/wp-json\/wp\/v2\/media?parent=4153"}],"wp:term":[{"taxonomy":"product_brand","embeddable":true,"href":"https:\/\/www.superhigroup.com\/shop\/wp-json\/wp\/v2\/product_brand?post=4153"},{"taxonomy":"product_cat","embeddable":true,"href":"https:\/\/www.superhigroup.com\/shop\/wp-json\/wp\/v2\/product_cat?post=4153"},{"taxonomy":"product_tag","embeddable":true,"href":"https:\/\/www.superhigroup.com\/shop\/wp-json\/wp\/v2\/product_tag?post=4153"}],"curies":[{"name":"wp","href":"https:\/\/api.w.org\/{rel}","templated":true}]}}