{"id":4083,"date":"2023-05-17T16:18:29","date_gmt":"2023-05-17T16:18:29","guid":{"rendered":"https:\/\/www.superhigroup.com\/shop\/prodotto\/microgranulo-baby\/"},"modified":"2026-04-17T16:07:17","modified_gmt":"2026-04-17T14:07:17","slug":"microgranulo-baby","status":"publish","type":"product","link":"https:\/\/www.superhigroup.com\/shop\/prodotto\/microgranulo-baby\/","title":{"rendered":"Microgranuli Baby"},"content":{"rendered":"","protected":false},"excerpt":{"rendered":"<p>Il \u201cMicrogranuli Baby\u201d, confezionato in barattoli da 25 grammi di prodotto, \u00e8 stato formulato per essere la naturale continuazione alimentare nelle fasi di svezzamento di tutti gli avannotti e piccoli pesci sia di specie marina che d\u2019acqua dolce.<br \/>\nMettendo a frutto una vasta esperienza maturata nel campo delle problematiche nutrizionali proprie di questa fase, si \u00e8 sviluppata e perfezionata una formula completa e perfettamente bilanciata, in grado di assicurare il pi\u00f9 alto indice di accrescimento e la miglior resa in termini qualitativi.<br \/>\nIl Microgranulo Baby \u00e8 un prodotto microincapsulato che si mantiene strettamente parallelo ai profili nutrizionali di zooplankton e fitoplankton che, in natura, rappresentano l\u2019alimento primario disponibile.<br \/>\nLa dimensione del microgranulo baby \u00e8 0.2 mm.<\/p>\n<div class=\"ingredienti\">\n<h3>Ingredienti<\/h3>\n<p>Proteine selezionate di organismi marini, alghe marine, lievito di torula, glutine di grano, lecitina di soia, Betanina, premix di sali minerali, HUFA e vitamine.<\/p>\n<\/div>\n","protected":false},"featured_media":4649,"template":"","meta":{"_acf_changed":false},"product_brand":[],"product_cat":[317,318,325,364,362,322],"product_tag":[],"class_list":{"0":"post-4083","1":"product","2":"type-product","3":"status-publish","4":"has-post-thumbnail","6":"product_cat-acquario-marino","7":"product_cat-acquario-tropicale","8":"product_cat-granuli","9":"product_cat-granuli-mangimi-acquario-tropicale","10":"product_cat-mangimi-acquario-tropicale","11":"product_cat-mangimi","12":"pa_peso-284","14":"first","15":"instock","16":"purchasable","17":"product-type-simple"},"acf":[],"yoast_head":"<!-- This site is optimized with the Yoast SEO plugin v27.4 - https:\/\/yoast.com\/product\/yoast-seo-wordpress\/ -->\n<title>Microgranuli Baby - SHG shop<\/title>\n<meta name=\"robots\" content=\"index, follow, max-snippet:-1, max-image-preview:large, max-video-preview:-1\" \/>\n<link rel=\"canonical\" href=\"https:\/\/www.superhigroup.com\/shop\/prodotto\/microgranulo-baby\/\" \/>\n<meta property=\"og:locale\" content=\"it_IT\" \/>\n<meta property=\"og:type\" content=\"article\" \/>\n<meta property=\"og:title\" content=\"Microgranuli Baby - SHG shop\" \/>\n<meta property=\"og:description\" content=\"Il \u201cMicrogranuli Baby\u201d, confezionato in barattoli da 25 grammi di prodotto, \u00e8 stato formulato per essere la naturale continuazione alimentare nelle fasi di svezzamento di tutti gli avannotti e piccoli pesci sia di specie marina che d\u2019acqua dolce. Mettendo a frutto una vasta esperienza maturata nel campo delle problematiche nutrizionali proprie di questa fase, si \u00e8 sviluppata e perfezionata una formula completa e perfettamente bilanciata, in grado di assicurare il pi\u00f9 alto indice di accrescimento e la miglior resa in termini qualitativi. Il Microgranulo Baby \u00e8 un prodotto microincapsulato che si mantiene strettamente parallelo ai profili nutrizionali di zooplankton e fitoplankton che, in natura, rappresentano l\u2019alimento primario disponibile. La dimensione del microgranulo baby \u00e8 0.2 mm.  Ingredienti Proteine selezionate di organismi marini, alghe marine, lievito di torula, glutine di grano, lecitina di soia, Betanina, premix di sali minerali, HUFA e vitamine.\" \/>\n<meta property=\"og:url\" content=\"https:\/\/www.superhigroup.com\/shop\/prodotto\/microgranulo-baby\/\" \/>\n<meta property=\"og:site_name\" content=\"SHG shop\" \/>\n<meta property=\"article:modified_time\" content=\"2026-04-17T14:07:17+00:00\" \/>\n<meta property=\"og:image\" content=\"https:\/\/www.superhigroup.com\/shop\/wp-content\/uploads\/2023\/05\/box-microbaby.png\" \/>\n\t<meta property=\"og:image:width\" content=\"1000\" \/>\n\t<meta property=\"og:image:height\" content=\"1000\" \/>\n\t<meta property=\"og:image:type\" content=\"image\/png\" \/>\n<meta name=\"twitter:card\" content=\"summary_large_image\" \/>\n<script type=\"application\/ld+json\" class=\"yoast-schema-graph\">{\"@context\":\"https:\\\/\\\/schema.org\",\"@graph\":[{\"@type\":\"WebPage\",\"@id\":\"https:\\\/\\\/www.superhigroup.com\\\/shop\\\/prodotto\\\/microgranulo-baby\\\/\",\"url\":\"https:\\\/\\\/www.superhigroup.com\\\/shop\\\/prodotto\\\/microgranulo-baby\\\/\",\"name\":\"Microgranuli Baby - SHG shop\",\"isPartOf\":{\"@id\":\"https:\\\/\\\/www.superhigroup.com\\\/shop\\\/#website\"},\"primaryImageOfPage\":{\"@id\":\"https:\\\/\\\/www.superhigroup.com\\\/shop\\\/prodotto\\\/microgranulo-baby\\\/#primaryimage\"},\"image\":{\"@id\":\"https:\\\/\\\/www.superhigroup.com\\\/shop\\\/prodotto\\\/microgranulo-baby\\\/#primaryimage\"},\"thumbnailUrl\":\"https:\\\/\\\/www.superhigroup.com\\\/shop\\\/wp-content\\\/uploads\\\/2023\\\/05\\\/box-microbaby.png\",\"datePublished\":\"2023-05-17T16:18:29+00:00\",\"dateModified\":\"2026-04-17T14:07:17+00:00\",\"breadcrumb\":{\"@id\":\"https:\\\/\\\/www.superhigroup.com\\\/shop\\\/prodotto\\\/microgranulo-baby\\\/#breadcrumb\"},\"inLanguage\":\"it-IT\",\"potentialAction\":[{\"@type\":\"ReadAction\",\"target\":[\"https:\\\/\\\/www.superhigroup.com\\\/shop\\\/prodotto\\\/microgranulo-baby\\\/\"]}]},{\"@type\":\"ImageObject\",\"inLanguage\":\"it-IT\",\"@id\":\"https:\\\/\\\/www.superhigroup.com\\\/shop\\\/prodotto\\\/microgranulo-baby\\\/#primaryimage\",\"url\":\"https:\\\/\\\/www.superhigroup.com\\\/shop\\\/wp-content\\\/uploads\\\/2023\\\/05\\\/box-microbaby.png\",\"contentUrl\":\"https:\\\/\\\/www.superhigroup.com\\\/shop\\\/wp-content\\\/uploads\\\/2023\\\/05\\\/box-microbaby.png\",\"width\":1000,\"height\":1000,\"caption\":\"confezione di microgranuli baby, mangime per pesci\"},{\"@type\":\"BreadcrumbList\",\"@id\":\"https:\\\/\\\/www.superhigroup.com\\\/shop\\\/prodotto\\\/microgranulo-baby\\\/#breadcrumb\",\"itemListElement\":[{\"@type\":\"ListItem\",\"position\":1,\"name\":\"Home\",\"item\":\"https:\\\/\\\/www.superhigroup.com\\\/shop\\\/\"},{\"@type\":\"ListItem\",\"position\":2,\"name\":\"Shop\",\"item\":\"https:\\\/\\\/www.superhigroup.com\\\/shop\\\/negozio\\\/\"},{\"@type\":\"ListItem\",\"position\":3,\"name\":\"Microgranuli Baby\"}]},{\"@type\":\"WebSite\",\"@id\":\"https:\\\/\\\/www.superhigroup.com\\\/shop\\\/#website\",\"url\":\"https:\\\/\\\/www.superhigroup.com\\\/shop\\\/\",\"name\":\"SHG shop\",\"description\":\"SHG shop\",\"publisher\":{\"@id\":\"https:\\\/\\\/www.superhigroup.com\\\/shop\\\/#organization\"},\"potentialAction\":[{\"@type\":\"SearchAction\",\"target\":{\"@type\":\"EntryPoint\",\"urlTemplate\":\"https:\\\/\\\/www.superhigroup.com\\\/shop\\\/?s={search_term_string}\"},\"query-input\":{\"@type\":\"PropertyValueSpecification\",\"valueRequired\":true,\"valueName\":\"search_term_string\"}}],\"inLanguage\":\"it-IT\"},{\"@type\":\"Organization\",\"@id\":\"https:\\\/\\\/www.superhigroup.com\\\/shop\\\/#organization\",\"name\":\"SHG s.r.l.\",\"url\":\"https:\\\/\\\/www.superhigroup.com\\\/shop\\\/\",\"logo\":{\"@type\":\"ImageObject\",\"inLanguage\":\"it-IT\",\"@id\":\"https:\\\/\\\/www.superhigroup.com\\\/shop\\\/#\\\/schema\\\/logo\\\/image\\\/\",\"url\":\"https:\\\/\\\/www.superhigroup.com\\\/shop\\\/wp-content\\\/uploads\\\/2023\\\/05\\\/logo.png\",\"contentUrl\":\"https:\\\/\\\/www.superhigroup.com\\\/shop\\\/wp-content\\\/uploads\\\/2023\\\/05\\\/logo.png\",\"width\":317,\"height\":79,\"caption\":\"SHG s.r.l.\"},\"image\":{\"@id\":\"https:\\\/\\\/www.superhigroup.com\\\/shop\\\/#\\\/schema\\\/logo\\\/image\\\/\"}}]}<\/script>\n<!-- \/ Yoast SEO plugin. -->","yoast_head_json":{"title":"Microgranuli Baby - SHG shop","robots":{"index":"index","follow":"follow","max-snippet":"max-snippet:-1","max-image-preview":"max-image-preview:large","max-video-preview":"max-video-preview:-1"},"canonical":"https:\/\/www.superhigroup.com\/shop\/prodotto\/microgranulo-baby\/","og_locale":"it_IT","og_type":"article","og_title":"Microgranuli Baby - SHG shop","og_description":"Il \u201cMicrogranuli Baby\u201d, confezionato in barattoli da 25 grammi di prodotto, \u00e8 stato formulato per essere la naturale continuazione alimentare nelle fasi di svezzamento di tutti gli avannotti e piccoli pesci sia di specie marina che d\u2019acqua dolce. Mettendo a frutto una vasta esperienza maturata nel campo delle problematiche nutrizionali proprie di questa fase, si \u00e8 sviluppata e perfezionata una formula completa e perfettamente bilanciata, in grado di assicurare il pi\u00f9 alto indice di accrescimento e la miglior resa in termini qualitativi. Il Microgranulo Baby \u00e8 un prodotto microincapsulato che si mantiene strettamente parallelo ai profili nutrizionali di zooplankton e fitoplankton che, in natura, rappresentano l\u2019alimento primario disponibile. La dimensione del microgranulo baby \u00e8 0.2 mm.  Ingredienti Proteine selezionate di organismi marini, alghe marine, lievito di torula, glutine di grano, lecitina di soia, Betanina, premix di sali minerali, HUFA e vitamine.","og_url":"https:\/\/www.superhigroup.com\/shop\/prodotto\/microgranulo-baby\/","og_site_name":"SHG shop","article_modified_time":"2026-04-17T14:07:17+00:00","og_image":[{"width":1000,"height":1000,"url":"https:\/\/www.superhigroup.com\/shop\/wp-content\/uploads\/2023\/05\/box-microbaby.png","type":"image\/png"}],"twitter_card":"summary_large_image","schema":{"@context":"https:\/\/schema.org","@graph":[{"@type":"WebPage","@id":"https:\/\/www.superhigroup.com\/shop\/prodotto\/microgranulo-baby\/","url":"https:\/\/www.superhigroup.com\/shop\/prodotto\/microgranulo-baby\/","name":"Microgranuli Baby - SHG shop","isPartOf":{"@id":"https:\/\/www.superhigroup.com\/shop\/#website"},"primaryImageOfPage":{"@id":"https:\/\/www.superhigroup.com\/shop\/prodotto\/microgranulo-baby\/#primaryimage"},"image":{"@id":"https:\/\/www.superhigroup.com\/shop\/prodotto\/microgranulo-baby\/#primaryimage"},"thumbnailUrl":"https:\/\/www.superhigroup.com\/shop\/wp-content\/uploads\/2023\/05\/box-microbaby.png","datePublished":"2023-05-17T16:18:29+00:00","dateModified":"2026-04-17T14:07:17+00:00","breadcrumb":{"@id":"https:\/\/www.superhigroup.com\/shop\/prodotto\/microgranulo-baby\/#breadcrumb"},"inLanguage":"it-IT","potentialAction":[{"@type":"ReadAction","target":["https:\/\/www.superhigroup.com\/shop\/prodotto\/microgranulo-baby\/"]}]},{"@type":"ImageObject","inLanguage":"it-IT","@id":"https:\/\/www.superhigroup.com\/shop\/prodotto\/microgranulo-baby\/#primaryimage","url":"https:\/\/www.superhigroup.com\/shop\/wp-content\/uploads\/2023\/05\/box-microbaby.png","contentUrl":"https:\/\/www.superhigroup.com\/shop\/wp-content\/uploads\/2023\/05\/box-microbaby.png","width":1000,"height":1000,"caption":"confezione di microgranuli baby, mangime per pesci"},{"@type":"BreadcrumbList","@id":"https:\/\/www.superhigroup.com\/shop\/prodotto\/microgranulo-baby\/#breadcrumb","itemListElement":[{"@type":"ListItem","position":1,"name":"Home","item":"https:\/\/www.superhigroup.com\/shop\/"},{"@type":"ListItem","position":2,"name":"Shop","item":"https:\/\/www.superhigroup.com\/shop\/negozio\/"},{"@type":"ListItem","position":3,"name":"Microgranuli Baby"}]},{"@type":"WebSite","@id":"https:\/\/www.superhigroup.com\/shop\/#website","url":"https:\/\/www.superhigroup.com\/shop\/","name":"SHG shop","description":"SHG shop","publisher":{"@id":"https:\/\/www.superhigroup.com\/shop\/#organization"},"potentialAction":[{"@type":"SearchAction","target":{"@type":"EntryPoint","urlTemplate":"https:\/\/www.superhigroup.com\/shop\/?s={search_term_string}"},"query-input":{"@type":"PropertyValueSpecification","valueRequired":true,"valueName":"search_term_string"}}],"inLanguage":"it-IT"},{"@type":"Organization","@id":"https:\/\/www.superhigroup.com\/shop\/#organization","name":"SHG s.r.l.","url":"https:\/\/www.superhigroup.com\/shop\/","logo":{"@type":"ImageObject","inLanguage":"it-IT","@id":"https:\/\/www.superhigroup.com\/shop\/#\/schema\/logo\/image\/","url":"https:\/\/www.superhigroup.com\/shop\/wp-content\/uploads\/2023\/05\/logo.png","contentUrl":"https:\/\/www.superhigroup.com\/shop\/wp-content\/uploads\/2023\/05\/logo.png","width":317,"height":79,"caption":"SHG s.r.l."},"image":{"@id":"https:\/\/www.superhigroup.com\/shop\/#\/schema\/logo\/image\/"}}]}},"_links":{"self":[{"href":"https:\/\/www.superhigroup.com\/shop\/wp-json\/wp\/v2\/product\/4083","targetHints":{"allow":["GET"]}}],"collection":[{"href":"https:\/\/www.superhigroup.com\/shop\/wp-json\/wp\/v2\/product"}],"about":[{"href":"https:\/\/www.superhigroup.com\/shop\/wp-json\/wp\/v2\/types\/product"}],"wp:featuredmedia":[{"embeddable":true,"href":"https:\/\/www.superhigroup.com\/shop\/wp-json\/wp\/v2\/media\/4649"}],"wp:attachment":[{"href":"https:\/\/www.superhigroup.com\/shop\/wp-json\/wp\/v2\/media?parent=4083"}],"wp:term":[{"taxonomy":"product_brand","embeddable":true,"href":"https:\/\/www.superhigroup.com\/shop\/wp-json\/wp\/v2\/product_brand?post=4083"},{"taxonomy":"product_cat","embeddable":true,"href":"https:\/\/www.superhigroup.com\/shop\/wp-json\/wp\/v2\/product_cat?post=4083"},{"taxonomy":"product_tag","embeddable":true,"href":"https:\/\/www.superhigroup.com\/shop\/wp-json\/wp\/v2\/product_tag?post=4083"}],"curies":[{"name":"wp","href":"https:\/\/api.w.org\/{rel}","templated":true}]}}