{"id":4818,"date":"2023-06-28T11:07:36","date_gmt":"2023-06-28T11:07:36","guid":{"rendered":"https:\/\/www.superhigroup.com\/shop\/?page_id=4818"},"modified":"2023-10-03T18:59:04","modified_gmt":"2023-10-03T16:59:04","slug":"spedizioni","status":"publish","type":"page","link":"https:\/\/www.superhigroup.com\/shop\/spedizioni\/","title":{"rendered":"Spedizioni"},"content":{"rendered":"\n<p><\/p>\n\n\n\n<p>SHG Srl accetta ordini esclusivamente per consegne in Italia. Le spedizioni vengono effettuate tramite il corriere espresso BRT oppure GLS, entro due giorni lavorativi dalla ricezione dell\u2019avvenuto pagamento.<br>I costi di spedizione, se applicabili, sono chiaramente indicati durante il processo di acquisto nel carrello, in euro e comprensivi di IVA e ben visibili prima della conferma dell\u2019ordine. La spedizione \u00e8&nbsp;gratuita per tutti gli ordini superiori&nbsp;ad euro 24,90. Per importi inferiori verr\u00e0 addebitato l\u2019importo di euro 5,90 quale partecipazione ai costi di spedizione.<\/p>\n\n\n\n<p>Al momento della consegna dell\u2019ordine da parte del Corriere, il Cliente \u00e8 tenuto a controllare che l&#8217;imballo risulti integro, non danneggiato o manomesso, bagnato, alterato o con evidenti segni che possano far presupporre a un danneggiamento anche della merce contenuta al suo interno.<br>Occorre quindi sollevare immediatamente una contestazione al Corriere, chiedendo di ritirare il pacco ed inserendo la clausola &#8220;Con riserva di controllo per imballo danneggiato&#8221;.<br>Nel caso in cui il Cliente accetti con riserva di controllo o che rifiuti il pacco \u00e8 pregato di informarci via mail scrivendo tempestivamente a shop@superhigroup.com.<br>In caso di mancata accettazione con riserva, non potr\u00e0 essere accolta alcun tipo di richiesta di reso qualora uno o pi\u00f9 prodotti dovessero risultare danneggiati.<\/p>\n\n\n\n<p>SHG Srl provvede all\u2019evasione degli ordini da luned\u00ec a venerd\u00ec, dalle ore 8.00 alle ore 16.00 escluse le festivit\u00e0.<\/p>\n","protected":false},"excerpt":{"rendered":"<p>SHG Srl accetta ordini esclusivamente per consegne in Italia. Le spedizioni vengono effettuate tramite il corriere espresso BRT oppure GLS, entro due giorni lavorativi dalla ricezione dell\u2019avvenuto pagamento.I costi di spedizione, se applicabili, sono chiaramente indicati durante il processo di acquisto nel carrello, in euro e comprensivi di IVA e ben visibili prima della conferma [&hellip;]<\/p>\n","protected":false},"author":1,"featured_media":0,"parent":0,"menu_order":0,"comment_status":"closed","ping_status":"closed","template":"template-fullwidth.php","meta":{"_acf_changed":false,"footnotes":""},"class_list":["post-4818","page","type-page","status-publish","hentry"],"acf":[],"yoast_head":"<!-- This site is optimized with the Yoast SEO plugin v27.4 - https:\/\/yoast.com\/product\/yoast-seo-wordpress\/ -->\n<title>Spedizioni - SHG shop<\/title>\n<meta name=\"robots\" content=\"index, follow, max-snippet:-1, max-image-preview:large, max-video-preview:-1\" \/>\n<link rel=\"canonical\" href=\"https:\/\/www.superhigroup.com\/shop\/spedizioni\/\" \/>\n<meta property=\"og:locale\" content=\"it_IT\" \/>\n<meta property=\"og:type\" content=\"article\" \/>\n<meta property=\"og:title\" content=\"Spedizioni - SHG shop\" \/>\n<meta property=\"og:description\" content=\"SHG Srl accetta ordini esclusivamente per consegne in Italia. Le spedizioni vengono effettuate tramite il corriere espresso BRT oppure GLS, entro due giorni lavorativi dalla ricezione dell\u2019avvenuto pagamento.I costi di spedizione, se applicabili, sono chiaramente indicati durante il processo di acquisto nel carrello, in euro e comprensivi di IVA e ben visibili prima della conferma [&hellip;]\" \/>\n<meta property=\"og:url\" content=\"https:\/\/www.superhigroup.com\/shop\/spedizioni\/\" \/>\n<meta property=\"og:site_name\" content=\"SHG shop\" \/>\n<meta property=\"article:modified_time\" content=\"2023-10-03T16:59:04+00:00\" \/>\n<meta name=\"twitter:card\" content=\"summary_large_image\" \/>\n<script type=\"application\/ld+json\" class=\"yoast-schema-graph\">{\"@context\":\"https:\\\/\\\/schema.org\",\"@graph\":[{\"@type\":\"WebPage\",\"@id\":\"https:\\\/\\\/www.superhigroup.com\\\/shop\\\/spedizioni\\\/\",\"url\":\"https:\\\/\\\/www.superhigroup.com\\\/shop\\\/spedizioni\\\/\",\"name\":\"Spedizioni - SHG shop\",\"isPartOf\":{\"@id\":\"https:\\\/\\\/www.superhigroup.com\\\/shop\\\/#website\"},\"datePublished\":\"2023-06-28T11:07:36+00:00\",\"dateModified\":\"2023-10-03T16:59:04+00:00\",\"breadcrumb\":{\"@id\":\"https:\\\/\\\/www.superhigroup.com\\\/shop\\\/spedizioni\\\/#breadcrumb\"},\"inLanguage\":\"it-IT\",\"potentialAction\":[{\"@type\":\"ReadAction\",\"target\":[\"https:\\\/\\\/www.superhigroup.com\\\/shop\\\/spedizioni\\\/\"]}]},{\"@type\":\"BreadcrumbList\",\"@id\":\"https:\\\/\\\/www.superhigroup.com\\\/shop\\\/spedizioni\\\/#breadcrumb\",\"itemListElement\":[{\"@type\":\"ListItem\",\"position\":1,\"name\":\"Home\",\"item\":\"https:\\\/\\\/www.superhigroup.com\\\/shop\\\/\"},{\"@type\":\"ListItem\",\"position\":2,\"name\":\"Spedizioni\"}]},{\"@type\":\"WebSite\",\"@id\":\"https:\\\/\\\/www.superhigroup.com\\\/shop\\\/#website\",\"url\":\"https:\\\/\\\/www.superhigroup.com\\\/shop\\\/\",\"name\":\"SHG shop\",\"description\":\"SHG shop\",\"publisher\":{\"@id\":\"https:\\\/\\\/www.superhigroup.com\\\/shop\\\/#organization\"},\"potentialAction\":[{\"@type\":\"SearchAction\",\"target\":{\"@type\":\"EntryPoint\",\"urlTemplate\":\"https:\\\/\\\/www.superhigroup.com\\\/shop\\\/?s={search_term_string}\"},\"query-input\":{\"@type\":\"PropertyValueSpecification\",\"valueRequired\":true,\"valueName\":\"search_term_string\"}}],\"inLanguage\":\"it-IT\"},{\"@type\":\"Organization\",\"@id\":\"https:\\\/\\\/www.superhigroup.com\\\/shop\\\/#organization\",\"name\":\"SHG s.r.l.\",\"url\":\"https:\\\/\\\/www.superhigroup.com\\\/shop\\\/\",\"logo\":{\"@type\":\"ImageObject\",\"inLanguage\":\"it-IT\",\"@id\":\"https:\\\/\\\/www.superhigroup.com\\\/shop\\\/#\\\/schema\\\/logo\\\/image\\\/\",\"url\":\"https:\\\/\\\/www.superhigroup.com\\\/shop\\\/wp-content\\\/uploads\\\/2023\\\/05\\\/logo.png\",\"contentUrl\":\"https:\\\/\\\/www.superhigroup.com\\\/shop\\\/wp-content\\\/uploads\\\/2023\\\/05\\\/logo.png\",\"width\":317,\"height\":79,\"caption\":\"SHG s.r.l.\"},\"image\":{\"@id\":\"https:\\\/\\\/www.superhigroup.com\\\/shop\\\/#\\\/schema\\\/logo\\\/image\\\/\"}}]}<\/script>\n<!-- \/ Yoast SEO plugin. -->","yoast_head_json":{"title":"Spedizioni - SHG shop","robots":{"index":"index","follow":"follow","max-snippet":"max-snippet:-1","max-image-preview":"max-image-preview:large","max-video-preview":"max-video-preview:-1"},"canonical":"https:\/\/www.superhigroup.com\/shop\/spedizioni\/","og_locale":"it_IT","og_type":"article","og_title":"Spedizioni - SHG shop","og_description":"SHG Srl accetta ordini esclusivamente per consegne in Italia. Le spedizioni vengono effettuate tramite il corriere espresso BRT oppure GLS, entro due giorni lavorativi dalla ricezione dell\u2019avvenuto pagamento.I costi di spedizione, se applicabili, sono chiaramente indicati durante il processo di acquisto nel carrello, in euro e comprensivi di IVA e ben visibili prima della conferma [&hellip;]","og_url":"https:\/\/www.superhigroup.com\/shop\/spedizioni\/","og_site_name":"SHG shop","article_modified_time":"2023-10-03T16:59:04+00:00","twitter_card":"summary_large_image","schema":{"@context":"https:\/\/schema.org","@graph":[{"@type":"WebPage","@id":"https:\/\/www.superhigroup.com\/shop\/spedizioni\/","url":"https:\/\/www.superhigroup.com\/shop\/spedizioni\/","name":"Spedizioni - SHG shop","isPartOf":{"@id":"https:\/\/www.superhigroup.com\/shop\/#website"},"datePublished":"2023-06-28T11:07:36+00:00","dateModified":"2023-10-03T16:59:04+00:00","breadcrumb":{"@id":"https:\/\/www.superhigroup.com\/shop\/spedizioni\/#breadcrumb"},"inLanguage":"it-IT","potentialAction":[{"@type":"ReadAction","target":["https:\/\/www.superhigroup.com\/shop\/spedizioni\/"]}]},{"@type":"BreadcrumbList","@id":"https:\/\/www.superhigroup.com\/shop\/spedizioni\/#breadcrumb","itemListElement":[{"@type":"ListItem","position":1,"name":"Home","item":"https:\/\/www.superhigroup.com\/shop\/"},{"@type":"ListItem","position":2,"name":"Spedizioni"}]},{"@type":"WebSite","@id":"https:\/\/www.superhigroup.com\/shop\/#website","url":"https:\/\/www.superhigroup.com\/shop\/","name":"SHG shop","description":"SHG shop","publisher":{"@id":"https:\/\/www.superhigroup.com\/shop\/#organization"},"potentialAction":[{"@type":"SearchAction","target":{"@type":"EntryPoint","urlTemplate":"https:\/\/www.superhigroup.com\/shop\/?s={search_term_string}"},"query-input":{"@type":"PropertyValueSpecification","valueRequired":true,"valueName":"search_term_string"}}],"inLanguage":"it-IT"},{"@type":"Organization","@id":"https:\/\/www.superhigroup.com\/shop\/#organization","name":"SHG s.r.l.","url":"https:\/\/www.superhigroup.com\/shop\/","logo":{"@type":"ImageObject","inLanguage":"it-IT","@id":"https:\/\/www.superhigroup.com\/shop\/#\/schema\/logo\/image\/","url":"https:\/\/www.superhigroup.com\/shop\/wp-content\/uploads\/2023\/05\/logo.png","contentUrl":"https:\/\/www.superhigroup.com\/shop\/wp-content\/uploads\/2023\/05\/logo.png","width":317,"height":79,"caption":"SHG s.r.l."},"image":{"@id":"https:\/\/www.superhigroup.com\/shop\/#\/schema\/logo\/image\/"}}]}},"_links":{"self":[{"href":"https:\/\/www.superhigroup.com\/shop\/wp-json\/wp\/v2\/pages\/4818","targetHints":{"allow":["GET"]}}],"collection":[{"href":"https:\/\/www.superhigroup.com\/shop\/wp-json\/wp\/v2\/pages"}],"about":[{"href":"https:\/\/www.superhigroup.com\/shop\/wp-json\/wp\/v2\/types\/page"}],"author":[{"embeddable":true,"href":"https:\/\/www.superhigroup.com\/shop\/wp-json\/wp\/v2\/users\/1"}],"replies":[{"embeddable":true,"href":"https:\/\/www.superhigroup.com\/shop\/wp-json\/wp\/v2\/comments?post=4818"}],"version-history":[{"count":11,"href":"https:\/\/www.superhigroup.com\/shop\/wp-json\/wp\/v2\/pages\/4818\/revisions"}],"predecessor-version":[{"id":5146,"href":"https:\/\/www.superhigroup.com\/shop\/wp-json\/wp\/v2\/pages\/4818\/revisions\/5146"}],"wp:attachment":[{"href":"https:\/\/www.superhigroup.com\/shop\/wp-json\/wp\/v2\/media?parent=4818"}],"curies":[{"name":"wp","href":"https:\/\/api.w.org\/{rel}","templated":true}]}}