{"id":4814,"date":"2023-06-28T11:03:57","date_gmt":"2023-06-28T11:03:57","guid":{"rendered":"https:\/\/www.superhigroup.com\/shop\/?page_id=4814"},"modified":"2023-10-03T15:40:38","modified_gmt":"2023-10-03T13:40:38","slug":"modalita-di-pagamento","status":"publish","type":"page","link":"https:\/\/www.superhigroup.com\/shop\/modalita-di-pagamento\/","title":{"rendered":"Modalit\u00e0 di pagamento"},"content":{"rendered":"\n<p>PAYPAL<br>Dopo aver confermato l\u2019ordine, il Cliente potr\u00e0 effettuare il pagamento relativo utilizzando il suo account PayPal. Selezionando questa modalit\u00e0 di pagamento, il Cliente sar\u00e0 indirizzato sul server sicuro di PayPal, alle cui condizioni generali di contratto dovr\u00e0 attenersi.<br>In questa fase nessuna informazione sensibile potr\u00e0 essere condivisa o raccolta da chi ricever\u00e0 il pagamento.<br>In nessun caso SHG Srl potr\u00e0 quindi essere ritenuta responsabile per qualsiasi danno derivante al Cliente dall\u2019utilizzazione dei servizi proposti da PayPal.<br>SHG Srl invier\u00e0 immediata conferma di ricezione dell\u2019ordine all\u2019indirizzo mail indicato dal Cliente.<br>Il giorno della spedizione Vi sar\u00e0 data comunicazione, via mail, di presa in carico dal Corriere e successivamente sar\u00e0 inviata una comunicazione relativa al tracking.<\/p>\n\n\n\n<p>CARTA DI CREDITO<br>I circuiti accettati per pagamenti sul sito sono Circuito Visa, MasterCard e Maestro, Visa Electron ed Apple Pay.<br>Dopo aver confermato l\u2019ordine e scelta questa modalit\u00e0 di pagamento, il Cliente sar\u00e0 indirizzato verso il server sicuro del circuito bancario scelto, alle cui condizioni generali di contratto dovr\u00e0 attenersi.<br>In questa fase nessuna informazione sensibile potr\u00e0 essere condivisa o raccolta da chi ricever\u00e0 il pagamento.<br>In nessun caso SHG Srl potr\u00e0 quindi essere ritenuta responsabile per qualsiasi danno derivante al Cliente dall\u2019utilizzazione dei servizi proposti.<br>SHG Srl invier\u00e0 immediata conferma di ricezione dell\u2019ordine all\u2019indirizzo mail indicato dal Cliente.<br>Il giorno della spedizione Vi sar\u00e0 data comunicazione, via mail, di presa in carico dal Corriere e successivamente sar\u00e0 inviata una comunicazione relativa al tracking.<\/p>\n\n\n\n<p>BONIFICO<br>Cliccando sulla scelta di pagamento tramite Bonifico, il sito attiver\u00e0 una pagina dove troverete le coordinate bancarie per poter effettuare il vostro bonifico ed un riepilogo generale dell\u2019ordine. Vi verr\u00e0 tempestivamente inviata anche una mail, al Vs indirizzo, con le medesime informazioni.<br>Si raccomanda di inserire il nome e cognome, il numero di ordine e la data nello spazio riservato alla causale.<br>SHG Srl si riserva il diritto di non dare corso ad ordini con la modalit\u00e0 Bonifico senza che ci sia l&#8217;effettivo accredito degli importi. La spedizione avverr\u00e0 solo all\u2019effettivo ricevimento dell\u2019accredito a SHG Srl il quale Vi sar\u00e0 comunicato immediatamente via mail.<br>Il giorno della spedizione Vi sar\u00e0 data comunicazione di presa in carico dal Corriere e successivamente sar\u00e0 inviato anche un avviso relativo al tracking.<br>Se dopo un lasso di tempo di 10 giorni lavorativi non si avr\u00e0 conferma del pagamento, l\u2019ordine verr\u00e0 ritenuto automaticamente annullato.<\/p>\n","protected":false},"excerpt":{"rendered":"<p>PAYPALDopo aver confermato l\u2019ordine, il Cliente potr\u00e0 effettuare il pagamento relativo utilizzando il suo account PayPal. Selezionando questa modalit\u00e0 di pagamento, il Cliente sar\u00e0 indirizzato sul server sicuro di PayPal, alle cui condizioni generali di contratto dovr\u00e0 attenersi.In questa fase nessuna informazione sensibile potr\u00e0 essere condivisa o raccolta da chi ricever\u00e0 il pagamento.In nessun caso [&hellip;]<\/p>\n","protected":false},"author":1,"featured_media":0,"parent":0,"menu_order":0,"comment_status":"closed","ping_status":"closed","template":"template-fullwidth.php","meta":{"_acf_changed":false,"footnotes":""},"class_list":["post-4814","page","type-page","status-publish","hentry"],"acf":[],"yoast_head":"<!-- This site is optimized with the Yoast SEO plugin v27.4 - https:\/\/yoast.com\/product\/yoast-seo-wordpress\/ -->\n<title>Modalit\u00e0 di pagamento - SHG shop<\/title>\n<meta name=\"robots\" content=\"index, follow, max-snippet:-1, max-image-preview:large, max-video-preview:-1\" \/>\n<link rel=\"canonical\" href=\"https:\/\/www.superhigroup.com\/shop\/modalita-di-pagamento\/\" \/>\n<meta property=\"og:locale\" content=\"it_IT\" \/>\n<meta property=\"og:type\" content=\"article\" \/>\n<meta property=\"og:title\" content=\"Modalit\u00e0 di pagamento - SHG shop\" \/>\n<meta property=\"og:description\" content=\"PAYPALDopo aver confermato l\u2019ordine, il Cliente potr\u00e0 effettuare il pagamento relativo utilizzando il suo account PayPal. Selezionando questa modalit\u00e0 di pagamento, il Cliente sar\u00e0 indirizzato sul server sicuro di PayPal, alle cui condizioni generali di contratto dovr\u00e0 attenersi.In questa fase nessuna informazione sensibile potr\u00e0 essere condivisa o raccolta da chi ricever\u00e0 il pagamento.In nessun caso [&hellip;]\" \/>\n<meta property=\"og:url\" content=\"https:\/\/www.superhigroup.com\/shop\/modalita-di-pagamento\/\" \/>\n<meta property=\"og:site_name\" content=\"SHG shop\" \/>\n<meta property=\"article:modified_time\" content=\"2023-10-03T13:40:38+00:00\" \/>\n<meta name=\"twitter:card\" content=\"summary_large_image\" \/>\n<meta name=\"twitter:label1\" content=\"Tempo di lettura stimato\" \/>\n\t<meta name=\"twitter:data1\" content=\"3 minuti\" \/>\n<script type=\"application\/ld+json\" class=\"yoast-schema-graph\">{\"@context\":\"https:\\\/\\\/schema.org\",\"@graph\":[{\"@type\":\"WebPage\",\"@id\":\"https:\\\/\\\/www.superhigroup.com\\\/shop\\\/modalita-di-pagamento\\\/\",\"url\":\"https:\\\/\\\/www.superhigroup.com\\\/shop\\\/modalita-di-pagamento\\\/\",\"name\":\"Modalit\u00e0 di pagamento - SHG shop\",\"isPartOf\":{\"@id\":\"https:\\\/\\\/www.superhigroup.com\\\/shop\\\/#website\"},\"datePublished\":\"2023-06-28T11:03:57+00:00\",\"dateModified\":\"2023-10-03T13:40:38+00:00\",\"breadcrumb\":{\"@id\":\"https:\\\/\\\/www.superhigroup.com\\\/shop\\\/modalita-di-pagamento\\\/#breadcrumb\"},\"inLanguage\":\"it-IT\",\"potentialAction\":[{\"@type\":\"ReadAction\",\"target\":[\"https:\\\/\\\/www.superhigroup.com\\\/shop\\\/modalita-di-pagamento\\\/\"]}]},{\"@type\":\"BreadcrumbList\",\"@id\":\"https:\\\/\\\/www.superhigroup.com\\\/shop\\\/modalita-di-pagamento\\\/#breadcrumb\",\"itemListElement\":[{\"@type\":\"ListItem\",\"position\":1,\"name\":\"Home\",\"item\":\"https:\\\/\\\/www.superhigroup.com\\\/shop\\\/\"},{\"@type\":\"ListItem\",\"position\":2,\"name\":\"Modalit\u00e0 di pagamento\"}]},{\"@type\":\"WebSite\",\"@id\":\"https:\\\/\\\/www.superhigroup.com\\\/shop\\\/#website\",\"url\":\"https:\\\/\\\/www.superhigroup.com\\\/shop\\\/\",\"name\":\"SHG shop\",\"description\":\"SHG shop\",\"publisher\":{\"@id\":\"https:\\\/\\\/www.superhigroup.com\\\/shop\\\/#organization\"},\"potentialAction\":[{\"@type\":\"SearchAction\",\"target\":{\"@type\":\"EntryPoint\",\"urlTemplate\":\"https:\\\/\\\/www.superhigroup.com\\\/shop\\\/?s={search_term_string}\"},\"query-input\":{\"@type\":\"PropertyValueSpecification\",\"valueRequired\":true,\"valueName\":\"search_term_string\"}}],\"inLanguage\":\"it-IT\"},{\"@type\":\"Organization\",\"@id\":\"https:\\\/\\\/www.superhigroup.com\\\/shop\\\/#organization\",\"name\":\"SHG s.r.l.\",\"url\":\"https:\\\/\\\/www.superhigroup.com\\\/shop\\\/\",\"logo\":{\"@type\":\"ImageObject\",\"inLanguage\":\"it-IT\",\"@id\":\"https:\\\/\\\/www.superhigroup.com\\\/shop\\\/#\\\/schema\\\/logo\\\/image\\\/\",\"url\":\"https:\\\/\\\/www.superhigroup.com\\\/shop\\\/wp-content\\\/uploads\\\/2023\\\/05\\\/logo.png\",\"contentUrl\":\"https:\\\/\\\/www.superhigroup.com\\\/shop\\\/wp-content\\\/uploads\\\/2023\\\/05\\\/logo.png\",\"width\":317,\"height\":79,\"caption\":\"SHG s.r.l.\"},\"image\":{\"@id\":\"https:\\\/\\\/www.superhigroup.com\\\/shop\\\/#\\\/schema\\\/logo\\\/image\\\/\"}}]}<\/script>\n<!-- \/ Yoast SEO plugin. -->","yoast_head_json":{"title":"Modalit\u00e0 di pagamento - SHG shop","robots":{"index":"index","follow":"follow","max-snippet":"max-snippet:-1","max-image-preview":"max-image-preview:large","max-video-preview":"max-video-preview:-1"},"canonical":"https:\/\/www.superhigroup.com\/shop\/modalita-di-pagamento\/","og_locale":"it_IT","og_type":"article","og_title":"Modalit\u00e0 di pagamento - SHG shop","og_description":"PAYPALDopo aver confermato l\u2019ordine, il Cliente potr\u00e0 effettuare il pagamento relativo utilizzando il suo account PayPal. Selezionando questa modalit\u00e0 di pagamento, il Cliente sar\u00e0 indirizzato sul server sicuro di PayPal, alle cui condizioni generali di contratto dovr\u00e0 attenersi.In questa fase nessuna informazione sensibile potr\u00e0 essere condivisa o raccolta da chi ricever\u00e0 il pagamento.In nessun caso [&hellip;]","og_url":"https:\/\/www.superhigroup.com\/shop\/modalita-di-pagamento\/","og_site_name":"SHG shop","article_modified_time":"2023-10-03T13:40:38+00:00","twitter_card":"summary_large_image","twitter_misc":{"Tempo di lettura stimato":"3 minuti"},"schema":{"@context":"https:\/\/schema.org","@graph":[{"@type":"WebPage","@id":"https:\/\/www.superhigroup.com\/shop\/modalita-di-pagamento\/","url":"https:\/\/www.superhigroup.com\/shop\/modalita-di-pagamento\/","name":"Modalit\u00e0 di pagamento - SHG shop","isPartOf":{"@id":"https:\/\/www.superhigroup.com\/shop\/#website"},"datePublished":"2023-06-28T11:03:57+00:00","dateModified":"2023-10-03T13:40:38+00:00","breadcrumb":{"@id":"https:\/\/www.superhigroup.com\/shop\/modalita-di-pagamento\/#breadcrumb"},"inLanguage":"it-IT","potentialAction":[{"@type":"ReadAction","target":["https:\/\/www.superhigroup.com\/shop\/modalita-di-pagamento\/"]}]},{"@type":"BreadcrumbList","@id":"https:\/\/www.superhigroup.com\/shop\/modalita-di-pagamento\/#breadcrumb","itemListElement":[{"@type":"ListItem","position":1,"name":"Home","item":"https:\/\/www.superhigroup.com\/shop\/"},{"@type":"ListItem","position":2,"name":"Modalit\u00e0 di pagamento"}]},{"@type":"WebSite","@id":"https:\/\/www.superhigroup.com\/shop\/#website","url":"https:\/\/www.superhigroup.com\/shop\/","name":"SHG shop","description":"SHG shop","publisher":{"@id":"https:\/\/www.superhigroup.com\/shop\/#organization"},"potentialAction":[{"@type":"SearchAction","target":{"@type":"EntryPoint","urlTemplate":"https:\/\/www.superhigroup.com\/shop\/?s={search_term_string}"},"query-input":{"@type":"PropertyValueSpecification","valueRequired":true,"valueName":"search_term_string"}}],"inLanguage":"it-IT"},{"@type":"Organization","@id":"https:\/\/www.superhigroup.com\/shop\/#organization","name":"SHG s.r.l.","url":"https:\/\/www.superhigroup.com\/shop\/","logo":{"@type":"ImageObject","inLanguage":"it-IT","@id":"https:\/\/www.superhigroup.com\/shop\/#\/schema\/logo\/image\/","url":"https:\/\/www.superhigroup.com\/shop\/wp-content\/uploads\/2023\/05\/logo.png","contentUrl":"https:\/\/www.superhigroup.com\/shop\/wp-content\/uploads\/2023\/05\/logo.png","width":317,"height":79,"caption":"SHG s.r.l."},"image":{"@id":"https:\/\/www.superhigroup.com\/shop\/#\/schema\/logo\/image\/"}}]}},"_links":{"self":[{"href":"https:\/\/www.superhigroup.com\/shop\/wp-json\/wp\/v2\/pages\/4814","targetHints":{"allow":["GET"]}}],"collection":[{"href":"https:\/\/www.superhigroup.com\/shop\/wp-json\/wp\/v2\/pages"}],"about":[{"href":"https:\/\/www.superhigroup.com\/shop\/wp-json\/wp\/v2\/types\/page"}],"author":[{"embeddable":true,"href":"https:\/\/www.superhigroup.com\/shop\/wp-json\/wp\/v2\/users\/1"}],"replies":[{"embeddable":true,"href":"https:\/\/www.superhigroup.com\/shop\/wp-json\/wp\/v2\/comments?post=4814"}],"version-history":[{"count":5,"href":"https:\/\/www.superhigroup.com\/shop\/wp-json\/wp\/v2\/pages\/4814\/revisions"}],"predecessor-version":[{"id":5138,"href":"https:\/\/www.superhigroup.com\/shop\/wp-json\/wp\/v2\/pages\/4814\/revisions\/5138"}],"wp:attachment":[{"href":"https:\/\/www.superhigroup.com\/shop\/wp-json\/wp\/v2\/media?parent=4814"}],"curies":[{"name":"wp","href":"https:\/\/api.w.org\/{rel}","templated":true}]}}