{"id":4808,"date":"2023-06-28T10:13:02","date_gmt":"2023-06-28T10:13:02","guid":{"rendered":"https:\/\/www.superhigroup.com\/shop\/?page_id=4808"},"modified":"2023-10-18T10:53:22","modified_gmt":"2023-10-18T08:53:22","slug":"cookie","status":"publish","type":"page","link":"https:\/\/www.superhigroup.com\/shop\/cookie\/","title":{"rendered":"Cookie"},"content":{"rendered":"\n<p>La presente Cookie Policy costituisce parte integrante dell\u2019<a href=\"https:\/\/www.superhigroup.com\/shop\/privacy-policy\/\">Informativa privacy<\/a>.<\/p>\n\n\n\n<p>L\u2019utente viene informato sull\u2019utilizzo dei cookie tecnici in uso sul sito tramite un banner visibile ad ogni primo accesso sul Sito, come previsto dal provvedimento del Garante per la protezione dei dati personali (n. 229 dell\u20198 maggio 2014) e dal provvedimento n. 231 recante \u201c<a href=\"https:\/\/www.gpdp.it\/web\/guest\/home\/docweb\/-\/docweb-display\/docweb\/9677876\">Linee guida cookie e altri strumenti di tracciamento<\/a>\u201d, pubblicato sulla Gazzetta Ufficiale n. 163 del 9 luglio 2021.<\/p>\n\n\n\n<h2 class=\"wp-block-heading\">Cosa sono i cookie?<\/h2>\n\n\n\n<p>I cookie sono costituiti da porzioni di codice (file informatici o dati parziali) inviate da un server al browser Internet dell\u2019utente, da detto browser memorizzati automaticamente sul computer dell\u2019utente e rinviati automaticamente al server ad ogni occorrenza o successivo accesso al sito.&nbsp;<\/p>\n\n\n\n<p>Solitamente un cookie contiene il nome del sito internet dal quale il cookie stesso proviene, la durata vitale del cookie (ovvero per quanto tempo rimarr\u00e0 sul dispositivo dell\u2019utente) ed un valore, che di regola \u00e8 un numero unico generato in modo casuale.&nbsp;<\/p>\n\n\n\n<p>Ad ogni visita successiva i cookie sono rinviati al sito web che li ha originati (cookie di prime parti) o a un altro sito che li riconosce (cookie di terze parti). I cookie sono utili perch\u00e9 consentono a un sito web di riconoscere il dispositivo dell\u2019utente e hanno diverse finalit\u00e0 come, per esempio, consentire di navigare efficientemente tra le pagine, ricordare i siti preferiti e, in generale, migliorare l\u2019esperienza di navigazione. Contribuiscono anche a garantire che i contenuti pubblicitari visualizzati online siano pi\u00f9 mirati ad un utente e ai suoi interessi.<\/p>\n\n\n\n<p>Se l\u2019utente decide di disabilitare i cookie, ci\u00f2 potrebbe influenzare e\/o limitare la sua esperienza di navigazione all\u2019interno del sito, per esempio potrebbe non essere in grado di visitare determinate sezioni.<\/p>\n\n\n\n<p>Le modalit\u00e0 di funzionamento nonch\u00e9 le opzioni per limitare o bloccare i cookie, possono essere regolate modificando le impostazioni del proprio browser internet. La maggioranza dei browser internet sono inizialmente impostati per accettare i cookie in modo automatico, l\u2019utente pu\u00f2 tuttavia modificare queste impostazioni per bloccare i cookie o per essere avvertito ogniqualvolta dei cookie vengano inviati al suo dispositivo.&nbsp;<\/p>\n\n\n\n<p>Esistono diversi modi per gestire i cookie, a tal fine occorre fare riferimento alla schermata di aiuto del proprio browser per verificare come regolare o modificare le impostazioni dello stesso. L\u2019utente \u00e8 abilitato, infatti, a modificare la configurazione predefinita e disabilitare i cookie (cio\u00e8 bloccarli in via definitiva), impostando il livello di protezione pi\u00f9 elevato.<\/p>\n\n\n\n<h2 class=\"wp-block-heading\">Cookie utilizzati nel sito<\/h2>\n\n\n\n<p>Il sito utilizza diverse tipologie di cookie ognuna delle quali ha una specifica funzione. Il sito utilizza i cookie per rendere la navigazione pi\u00f9 semplice. I cookie possono essere usati anche per velocizzare le future esperienze e le attivit\u00e0 degli utenti sul sito. Inoltre, sono utilizzati cookie per compilare statistiche anonime aggregate che consentono di capire come gli utenti utilizzano il sito e per migliorare la struttura e i contenuti del sito stesso. Di seguito un elenco esplicativo:<\/p>\n\n\n\n<ol class=\"wp-block-list\">\n<li>I&nbsp;<strong>cookie tecnici<\/strong>&nbsp;sono essenziali per il corretto funzionamento del sito e consentono agli utenti di navigare sul sito e di sfruttarne le caratteristiche (ad esempio consentono la memorizzazione di azioni precedenti o permettono di salvare la sessione dell\u2019utente e\/o di svolgere altre attivit\u00e0 strettamente necessarie al funzionamento del sito).<\/li>\n\n\n\n<li>Il sito utilizza o pu\u00f2 utilizzare, anche in combinazione tra di loro,&nbsp;<strong>cookie di sessione<\/strong>&nbsp;che vengono memorizzati sul computer dell\u2019utente per mere esigenze tecnico-funzionali, per la trasmissione di identificativi di sessione necessari per consentire l\u2019esplorazione sicura ed efficiente del sito; essi si cancellano al termine della sessione (da cui il nome) con la chiusura del browser;&nbsp;<\/li>\n\n\n\n<li><strong>cookie persistenti&nbsp;<\/strong>che rimangono memorizzati sul disco rigido del computer fino alla loro scadenza o cancellazione da parte degli utenti. Tramite i cookie persistenti gli utenti che accedono ai siti (o eventuali altri utenti che impiegano il medesimo computer) vengono automaticamente riconosciuti a ogni visita.<\/li>\n\n\n\n<li>A questa categoria appartengono anche i&nbsp;<strong>cookie analitici<\/strong>&nbsp;che aiutano a capire come gli utenti interagiscono con il sito fornendo informazioni relative all\u2019ultima pagina visitata, il numero di sezioni e pagine visitate, al tempo trascorso sul sito e ad ogni vicenda sia emersa nel corso della navigazione, come ad esempio un messaggio di errore, e aiutano a comprendere ogni difficolt\u00e0 che l\u2019utente incontra nell\u2019utilizzo del sito. Queste informazioni vengono analizzate insieme a informazioni di altri utenti in modo da non identificare un determinato utente rispetto all\u2019altro. Questi cookie vengono raccolti e aggregati in forma anonima e consentono al gestore del sito di migliorare l\u2019usabilit\u00e0 del sito.<\/li>\n\n\n\n<li>Infine, i&nbsp;<strong>cookie di funzionalit\u00e0<\/strong>&nbsp;permettono al sito di ricordare le scelte dell\u2019utente (per esempio il nome utente) per fornire a quest\u2019ultimo una navigazione pi\u00f9 personalizzata ed ottimizzata. I cookie funzionali non sono indispensabili al funzionamento dei Siti, ma ne migliorano la qualit\u00e0 e l\u2019esperienza di navigazione. Se non si accettano questi cookie, la resa e la funzionalit\u00e0 del sito potrebbero risultare inferiori e l\u2019accesso ai contenuti del sito potrebbe risultare limitato.<\/li>\n<\/ol>\n\n\n\n<h2 class=\"wp-block-heading\">Cookie di terze parti<\/h2>\n\n\n\n<p>Quando un utente utilizza il sito, \u00e8 possibile che vengano memorizzati alcuni cookie non controllati dal gestore del sito. Questo accade, per esempio, se l\u2019utente visita una pagina che contiene contenuti di un sito web di terzi. Di conseguenza, l\u2019utente ricever\u00e0 cookie da questi servizi di terze parti. Sui cookie di terza parte il gestore del sito non ha il controllo delle informazioni fornite dal cookie e non ha accesso a tali dati. Queste informazioni sono controllate totalmente dalle societ\u00e0 terze secondo quanto descritto nelle rispettive privacy policy.<\/p>\n\n\n\n<p>Cookie di terza parte presenti sul sito:<\/p>\n\n\n\n<ul class=\"wp-block-list\">\n<li>Nome del cookie: Google Analytics anonimizzato<\/li>\n\n\n\n<li>Finalit\u00e0: Statistiche in forma anonima<\/li>\n\n\n\n<li>Prima o terza parte: Terza parte<\/li>\n\n\n\n<li>Riferimento web:&nbsp;<a href=\"https:\/\/support.google.com\/analytics\/answer\/181881?hl=it\" target=\"_blank\" rel=\"noreferrer noopener\">https:\/\/support.google.com\/analytics\/answer\/181881?hl=it<\/a><\/li>\n\n\n\n<li>Luogo del trattamento:&nbsp;<a href=\"https:\/\/policies.google.com\/privacy\" target=\"_blank\" rel=\"noreferrer noopener\">USA Privacy Policy<\/a><\/li>\n<\/ul>\n\n\n\n<h2 class=\"wp-block-heading\">Come bloccare i cookie dal browser<\/h2>\n\n\n\n<p><strong><em>GOOGLE CHROME<\/em><\/strong><br>Per maggiori informazioni consulta la&nbsp;<a href=\"https:\/\/support.google.com\/accounts\/answer\/61416?co=GENIE.Platform%3DDesktop&amp;hl=it\" target=\"_blank\" rel=\"noreferrer noopener\">pagina di Google Chrome<\/a><\/p>\n\n\n\n<p><strong><em>OPERA<br><\/em><\/strong>Per maggiori informazioni consulta la&nbsp;<a href=\"https:\/\/www.opera.com\/help\/tutorials\/security\/privacy\/\" target=\"_blank\" rel=\"noreferrer noopener\">pagina di Opera<\/a><\/p>\n\n\n\n<p><strong><em>SAFARI<\/em><\/strong><br>Per maggiori informazioni consulta la&nbsp;<a href=\"https:\/\/support.apple.com\/kb\/PH19214?locale=it_IT&amp;viewlocale=it_IT\">pagina di Safari<\/a>&nbsp;o&nbsp;<a href=\"https:\/\/support.apple.com\/it-it\/HT201265\" target=\"_blank\" rel=\"noreferrer noopener\">Safari (IOS)<\/a><\/p>\n\n\n\n<p><strong><em>FIREFOX<br><\/em><\/strong>Per maggiori informazioni consulta la&nbsp;<a href=\"https:\/\/support.mozilla.org\/it\/kb\/Gestione%20dei%20Cookie?redirectlocale=en-US&amp;redirectslug=Cookiesokies\" target=\"_blank\" rel=\"noreferrer noopener\">pagina di Firefox<\/a><\/p>\n\n\n\n<p><strong><em>MICROSOFT EDGE<br><\/em><\/strong>Per maggiori informazioni consulta la&nbsp;<a href=\"https:\/\/privacy.microsoft.com\/it-IT\/windows-10-microsoft-edge-and-privacy\" target=\"_blank\" rel=\"noreferrer noopener\">pagina di Microsoft Edge<\/a><\/p>\n","protected":false},"excerpt":{"rendered":"<p>La presente Cookie Policy costituisce parte integrante dell\u2019Informativa privacy. L\u2019utente viene informato sull\u2019utilizzo dei cookie tecnici in uso sul sito tramite un banner visibile ad ogni primo accesso sul Sito, come previsto dal provvedimento del Garante per la protezione dei dati personali (n. 229 dell\u20198 maggio 2014) e dal provvedimento n. 231 recante \u201cLinee guida [&hellip;]<\/p>\n","protected":false},"author":1,"featured_media":0,"parent":0,"menu_order":0,"comment_status":"closed","ping_status":"closed","template":"","meta":{"_acf_changed":false,"footnotes":""},"class_list":["post-4808","page","type-page","status-publish","hentry"],"acf":[],"yoast_head":"<!-- This site is optimized with the Yoast SEO plugin v27.4 - https:\/\/yoast.com\/product\/yoast-seo-wordpress\/ -->\n<title>Cookie - SHG shop<\/title>\n<meta name=\"robots\" content=\"noindex, follow\" \/>\n<meta property=\"og:locale\" content=\"it_IT\" \/>\n<meta property=\"og:type\" content=\"article\" \/>\n<meta property=\"og:title\" content=\"Cookie - SHG shop\" \/>\n<meta property=\"og:description\" content=\"La presente Cookie Policy costituisce parte integrante dell\u2019Informativa privacy. L\u2019utente viene informato sull\u2019utilizzo dei cookie tecnici in uso sul sito tramite un banner visibile ad ogni primo accesso sul Sito, come previsto dal provvedimento del Garante per la protezione dei dati personali (n. 229 dell\u20198 maggio 2014) e dal provvedimento n. 231 recante \u201cLinee guida [&hellip;]\" \/>\n<meta property=\"og:url\" content=\"https:\/\/www.superhigroup.com\/shop\/cookie\/\" \/>\n<meta property=\"og:site_name\" content=\"SHG shop\" \/>\n<meta property=\"article:modified_time\" content=\"2023-10-18T08:53:22+00:00\" \/>\n<meta name=\"twitter:card\" content=\"summary_large_image\" \/>\n<meta name=\"twitter:label1\" content=\"Tempo di lettura stimato\" \/>\n\t<meta name=\"twitter:data1\" content=\"6 minuti\" \/>\n<script type=\"application\/ld+json\" class=\"yoast-schema-graph\">{\"@context\":\"https:\\\/\\\/schema.org\",\"@graph\":[{\"@type\":\"WebPage\",\"@id\":\"https:\\\/\\\/www.superhigroup.com\\\/shop\\\/cookie\\\/\",\"url\":\"https:\\\/\\\/www.superhigroup.com\\\/shop\\\/cookie\\\/\",\"name\":\"Cookie - SHG shop\",\"isPartOf\":{\"@id\":\"https:\\\/\\\/www.superhigroup.com\\\/shop\\\/#website\"},\"datePublished\":\"2023-06-28T10:13:02+00:00\",\"dateModified\":\"2023-10-18T08:53:22+00:00\",\"breadcrumb\":{\"@id\":\"https:\\\/\\\/www.superhigroup.com\\\/shop\\\/cookie\\\/#breadcrumb\"},\"inLanguage\":\"it-IT\",\"potentialAction\":[{\"@type\":\"ReadAction\",\"target\":[\"https:\\\/\\\/www.superhigroup.com\\\/shop\\\/cookie\\\/\"]}]},{\"@type\":\"BreadcrumbList\",\"@id\":\"https:\\\/\\\/www.superhigroup.com\\\/shop\\\/cookie\\\/#breadcrumb\",\"itemListElement\":[{\"@type\":\"ListItem\",\"position\":1,\"name\":\"Home\",\"item\":\"https:\\\/\\\/www.superhigroup.com\\\/shop\\\/\"},{\"@type\":\"ListItem\",\"position\":2,\"name\":\"Cookie\"}]},{\"@type\":\"WebSite\",\"@id\":\"https:\\\/\\\/www.superhigroup.com\\\/shop\\\/#website\",\"url\":\"https:\\\/\\\/www.superhigroup.com\\\/shop\\\/\",\"name\":\"SHG shop\",\"description\":\"SHG shop\",\"publisher\":{\"@id\":\"https:\\\/\\\/www.superhigroup.com\\\/shop\\\/#organization\"},\"potentialAction\":[{\"@type\":\"SearchAction\",\"target\":{\"@type\":\"EntryPoint\",\"urlTemplate\":\"https:\\\/\\\/www.superhigroup.com\\\/shop\\\/?s={search_term_string}\"},\"query-input\":{\"@type\":\"PropertyValueSpecification\",\"valueRequired\":true,\"valueName\":\"search_term_string\"}}],\"inLanguage\":\"it-IT\"},{\"@type\":\"Organization\",\"@id\":\"https:\\\/\\\/www.superhigroup.com\\\/shop\\\/#organization\",\"name\":\"SHG s.r.l.\",\"url\":\"https:\\\/\\\/www.superhigroup.com\\\/shop\\\/\",\"logo\":{\"@type\":\"ImageObject\",\"inLanguage\":\"it-IT\",\"@id\":\"https:\\\/\\\/www.superhigroup.com\\\/shop\\\/#\\\/schema\\\/logo\\\/image\\\/\",\"url\":\"https:\\\/\\\/www.superhigroup.com\\\/shop\\\/wp-content\\\/uploads\\\/2023\\\/05\\\/logo.png\",\"contentUrl\":\"https:\\\/\\\/www.superhigroup.com\\\/shop\\\/wp-content\\\/uploads\\\/2023\\\/05\\\/logo.png\",\"width\":317,\"height\":79,\"caption\":\"SHG s.r.l.\"},\"image\":{\"@id\":\"https:\\\/\\\/www.superhigroup.com\\\/shop\\\/#\\\/schema\\\/logo\\\/image\\\/\"}}]}<\/script>\n<!-- \/ Yoast SEO plugin. -->","yoast_head_json":{"title":"Cookie - SHG shop","robots":{"index":"noindex","follow":"follow"},"og_locale":"it_IT","og_type":"article","og_title":"Cookie - SHG shop","og_description":"La presente Cookie Policy costituisce parte integrante dell\u2019Informativa privacy. L\u2019utente viene informato sull\u2019utilizzo dei cookie tecnici in uso sul sito tramite un banner visibile ad ogni primo accesso sul Sito, come previsto dal provvedimento del Garante per la protezione dei dati personali (n. 229 dell\u20198 maggio 2014) e dal provvedimento n. 231 recante \u201cLinee guida [&hellip;]","og_url":"https:\/\/www.superhigroup.com\/shop\/cookie\/","og_site_name":"SHG shop","article_modified_time":"2023-10-18T08:53:22+00:00","twitter_card":"summary_large_image","twitter_misc":{"Tempo di lettura stimato":"6 minuti"},"schema":{"@context":"https:\/\/schema.org","@graph":[{"@type":"WebPage","@id":"https:\/\/www.superhigroup.com\/shop\/cookie\/","url":"https:\/\/www.superhigroup.com\/shop\/cookie\/","name":"Cookie - SHG shop","isPartOf":{"@id":"https:\/\/www.superhigroup.com\/shop\/#website"},"datePublished":"2023-06-28T10:13:02+00:00","dateModified":"2023-10-18T08:53:22+00:00","breadcrumb":{"@id":"https:\/\/www.superhigroup.com\/shop\/cookie\/#breadcrumb"},"inLanguage":"it-IT","potentialAction":[{"@type":"ReadAction","target":["https:\/\/www.superhigroup.com\/shop\/cookie\/"]}]},{"@type":"BreadcrumbList","@id":"https:\/\/www.superhigroup.com\/shop\/cookie\/#breadcrumb","itemListElement":[{"@type":"ListItem","position":1,"name":"Home","item":"https:\/\/www.superhigroup.com\/shop\/"},{"@type":"ListItem","position":2,"name":"Cookie"}]},{"@type":"WebSite","@id":"https:\/\/www.superhigroup.com\/shop\/#website","url":"https:\/\/www.superhigroup.com\/shop\/","name":"SHG shop","description":"SHG shop","publisher":{"@id":"https:\/\/www.superhigroup.com\/shop\/#organization"},"potentialAction":[{"@type":"SearchAction","target":{"@type":"EntryPoint","urlTemplate":"https:\/\/www.superhigroup.com\/shop\/?s={search_term_string}"},"query-input":{"@type":"PropertyValueSpecification","valueRequired":true,"valueName":"search_term_string"}}],"inLanguage":"it-IT"},{"@type":"Organization","@id":"https:\/\/www.superhigroup.com\/shop\/#organization","name":"SHG s.r.l.","url":"https:\/\/www.superhigroup.com\/shop\/","logo":{"@type":"ImageObject","inLanguage":"it-IT","@id":"https:\/\/www.superhigroup.com\/shop\/#\/schema\/logo\/image\/","url":"https:\/\/www.superhigroup.com\/shop\/wp-content\/uploads\/2023\/05\/logo.png","contentUrl":"https:\/\/www.superhigroup.com\/shop\/wp-content\/uploads\/2023\/05\/logo.png","width":317,"height":79,"caption":"SHG s.r.l."},"image":{"@id":"https:\/\/www.superhigroup.com\/shop\/#\/schema\/logo\/image\/"}}]}},"_links":{"self":[{"href":"https:\/\/www.superhigroup.com\/shop\/wp-json\/wp\/v2\/pages\/4808","targetHints":{"allow":["GET"]}}],"collection":[{"href":"https:\/\/www.superhigroup.com\/shop\/wp-json\/wp\/v2\/pages"}],"about":[{"href":"https:\/\/www.superhigroup.com\/shop\/wp-json\/wp\/v2\/types\/page"}],"author":[{"embeddable":true,"href":"https:\/\/www.superhigroup.com\/shop\/wp-json\/wp\/v2\/users\/1"}],"replies":[{"embeddable":true,"href":"https:\/\/www.superhigroup.com\/shop\/wp-json\/wp\/v2\/comments?post=4808"}],"version-history":[{"count":2,"href":"https:\/\/www.superhigroup.com\/shop\/wp-json\/wp\/v2\/pages\/4808\/revisions"}],"predecessor-version":[{"id":4832,"href":"https:\/\/www.superhigroup.com\/shop\/wp-json\/wp\/v2\/pages\/4808\/revisions\/4832"}],"wp:attachment":[{"href":"https:\/\/www.superhigroup.com\/shop\/wp-json\/wp\/v2\/media?parent=4808"}],"curies":[{"name":"wp","href":"https:\/\/api.w.org\/{rel}","templated":true}]}}